{"id":11660,"date":"2020-12-21T15:30:17","date_gmt":"2020-12-21T12:30:17","guid":{"rendered":"https:\/\/aegeanconsulting.gr\/?page_id=11660"},"modified":"2023-09-28T20:02:15","modified_gmt":"2023-09-28T17:02:15","slug":"turk-vatandaslari-icin-yunanistanda-sirket-kurulmasi","status":"publish","type":"page","link":"https:\/\/new.aegeanconsulting.gr\/tr\/turk-vatandaslari-icin-yunanistanda-sirket-kurulmasi\/","title":{"rendered":"T\u00dcRK VATANDA\u015eLARI \u0130\u00c7\u0130N YUNAN\u0130STAN&#8217;DA \u015e\u0130RKET KURULMASI"},"content":{"rendered":"<p>Aegean Consulting, T\u00fcrk vatanda\u015flar\u0131n\u0131n t\u00fcm ihtiya\u00e7lar\u0131n\u0131 kar\u015f\u0131layarak T\u00fcrk\u00e7e dilinde \u00fcst d\u00fczey hukuk ve muhasebe hizmetleri sunmaktad\u0131r.<\/p>\n<p>\u015eirketinizi, rekabet\u00e7i avantaj\u0131n\u0131z\u0131 koruyarak ve art\u0131rarak yeni bir bak\u0131\u015f a\u00e7\u0131s\u0131na y\u00f6nlendirebiliriz. Birlikte ortaya \u00e7\u0131kabilecek sorunlar\u0131 ele al\u0131yoruz ve tam ve kal\u0131c\u0131 bir hizmet sunarak Avukatlar ve Muhasebecilerin yan\u0131 s\u0131ra Noter, Mali M\u00fc\u015favirler, Denet\u00e7iler ve M\u00fchendisler gibi di\u011fer profesyonellerden acil yard\u0131m\u0131 alman\u0131z\u0131 sa\u011flayabiliyoruz.<\/p>\n<p><strong>Giri\u015f<\/strong><br \/>\nYunanistan&#8217;da i\u015f yapmak i\u00e7in \u00e7e\u015fitli farkl\u0131 t\u00fczel ki\u015filer mevcuttur. Yabanc\u0131 kurulu\u015flar Yunanistan&#8217;da faaliyet g\u00f6stermek amac\u0131yla bir Yunan \u015firketi veya yabanc\u0131 bir \u015fube kurabilirler. Ayr\u0131ca, ana \u015firketlerine veya Yunanistan&#8217;da bir temsilcilik ofisine ihtiya\u00e7 duyan di\u011fer ilgili \u015firketlere hizmet vermek amac\u0131yla 89 say\u0131l\u0131 Kanun uyar\u0131nca ba\u015fka bir giri\u015fimle ortak ortakl\u0131\u011fa kat\u0131labilir veya Yunanistan&#8217;da bir merkez ofis kurabilirler. Ayr\u0131ca, \u015fah\u0131slar serbest meslek mensubu olarak faaliyet g\u00f6sterebilirler.<\/p>\n<p>Merkezi Yunanistan&#8217;da bulunan bir \u015firket (89 say\u0131l\u0131 Kanun hari\u00e7), t\u00fcm \u00fcyeleri yabanc\u0131 olmas\u0131na ra\u011fmen bir Yunan \u015firketidir.<\/p>\n<p>Yunanistan&#8217;da vergilendirme, i\u015fletme t\u00fcr\u00fc ile ilgilidir ve i\u015fletme ile uyumlu olarak kapsaml\u0131 bir \u015fekilde a\u00e7\u0131klanabilir.<\/p>\n<p><strong>Anonim \u015eirket (SA)<\/strong><br \/>\nAnonim \u015firket, her bir hissedar i\u00e7in s\u00f6z konusu hissedar\u0131n hisse sermayesine katk\u0131da bulundu\u011fu tutara kadar s\u0131n\u0131rl\u0131 y\u00fck\u00fcml\u00fcl\u00fc\u011f\u00fc olan bir \u015firkettir. Bu \u015firket Frans\u0131z \u201cSoci\u00e9t\u00e9 Anonyme\u201d ye benzer ve genellikle Yunanistan&#8217;\u0131n en b\u00fcy\u00fck \u015firketleri taraf\u0131ndan kullan\u0131lmaktad\u0131r.<\/p>\n<p>Anonim bir \u015firketin kurulmas\u0131, One Stop Authority olarak faaliyet g\u00f6steren bir Noter taraf\u0131ndan ger\u00e7ekle\u015ftirilmektedir. Noter, ilgili makamlara gerekli t\u00fcm belgeleri sunar ve \u015firketi tamamlanm\u0131\u015f olarak teslim etmek i\u00e7in t\u00fcm gereklilikleri \u00fcstlenir. T\u00fcm i\u015flem sadece birka\u00e7 g\u00fcn s\u00fcrer.<\/p>\n<p>Ticaret Sicili ile tescil i\u015flemleri tamamland\u0131ktan sonra \u015firket kurulmu\u015f ve faaliyet g\u00f6stermeye haz\u0131rd\u0131r.<br \/>\n\u015eirket, Noter s\u00fcrece kat\u0131l\u0131m\u0131n\u0131 tamamlad\u0131\u011f\u0131nda ve \u015firketin muhasebecisi veya CEO&#8217;su bu noktadan itibaren devrald\u0131\u011f\u0131nda bir Vergi numaras\u0131 alacakt\u0131r.<\/p>\n<p>Anonim bir \u015firketin kurucu hissedar olarak hareket etmesi i\u00e7in sadece bir \u015fahsa ihtiyac\u0131 vard\u0131r. \u0130stenirse daha fazla hissedara sahip olabilir. Ana s\u00f6zle\u015fme, \u015fah\u0131s veya her t\u00fcrl\u00fc t\u00fczel ki\u015fi olabilen hissedarlar taraf\u0131ndan imzalanacakt\u0131r. Hisseli sermaye i\u00e7in asgari tutar, \u015firketin tescilinden sonra bankaya yat\u0131r\u0131lacak olan 24.000 Euro&#8217;dur.<\/p>\n<p>Y\u00f6netim Kurulu \u015firketin faaliyetlerini m\u00fc\u015ftereken denetler ve genel kurulda pay sahipleri taraf\u0131ndan se\u00e7ilen en az \u00fc\u00e7 \u00fcyeden olu\u015fmak zorundad\u0131r. Anonim bir \u015firketin g\u00fcnl\u00fck y\u00f6netimi Genel M\u00fcd\u00fcr taraf\u0131ndan ger\u00e7ekle\u015ftirilmektedir.<\/p>\n<p><strong>LTD veya LLC \u2013 (Limited \u015eirket)<\/strong><br \/>\nLimited \u015firket, \u00d6zel Sermaye \u015firketleri kuruldu\u011funda \u00e7o\u011funlukla b\u0131rak\u0131lan bir i\u015fletmedir. Bu t\u00fcr bir \u015firket, mal sahipleri i\u00e7in s\u0131n\u0131rl\u0131 sorumlulu\u011fu olan bir ortakl\u0131k olarak faaliyet g\u00f6stermektedir. Her ne kadar anonim bir \u015firketten daha az b\u00fcrokrasiye sahip olsa da, di\u011fer baz\u0131 se\u00e7eneklerin yan\u0131 s\u0131ra listeye girme se\u00e7ene\u011fi yoktur. Ortaklar, sermaye katk\u0131 paylar\u0131n\u0131n tutar\u0131na kadar sorumludurlar ve mesul m\u00fcd\u00fcr olsun olmas\u0131n t\u00fcm ortaklar\u0131n sosyal g\u00fcvenlik i\u00e7in sigortalanmas\u0131 gerekmektedir. Benzer \u015firket t\u00fcrleri French Sarl ve German GmbH&#8217;dir.<\/p>\n<p>Bu t\u00fcr \u015firketler art\u0131k nadiren kullan\u0131l\u0131yor, \u00e7\u00fcnk\u00fc \u00d6zel Sermaye \u015firketleri daha kolay ve daha verimli kuruluyor. Bu \u015firketlerin kurulmas\u0131 daha maliyet a\u00e7\u0131s\u0131ndan daha uygundur ve k\u00fc\u00e7\u00fck veya orta \u00f6l\u00e7ekli faaliyetler i\u00e7in veya anonim \u015firketlerin gerekli olmad\u0131\u011f\u0131 durumlarda tercih edilmektedir.<\/p>\n<p>Bir LTD \u015firketinin kurulmas\u0131, One Stop Authority olarak hareket eden bir Noter taraf\u0131ndan ger\u00e7ekle\u015ftirilmektedir. Noter, \u015firketin vergi tescilini tamamlayacak ve ana s\u00f6zle\u015fmeyi ticaret sicilinde yay\u0131nlayacakt\u0131r.<br \/>\nLimited \u015firketler bir veya daha fazla ortak taraf\u0131ndan kurulabilir ve asgari sermaye \u015fart\u0131 yoktur. Sermayenin kurulduktan sonra \u015firketin banka hesab\u0131na yat\u0131r\u0131lmas\u0131 gerekir.<\/p>\n<p>Bir LTD \u015firketi bir veya daha fazla say\u0131da y\u00f6netici taraf\u0131ndan temsil edilir, ancak y\u00f6neticilerin \u015firketin ortaklar\u0131 olmas\u0131 gerekli de\u011fildir. Genel kurul, y\u00f6netici olarak bir \u00e7al\u0131\u015fan\u0131 da se\u00e7ebilir.<\/p>\n<p><strong>\u00d6zel Sermaye \u015eirketi \u2013 (PC)<\/strong><br \/>\n\u00d6zel Sermaye \u015eirketi&#8217;ne 2012 y\u0131l\u0131nda girilmi\u015ftir. Bu t\u00fcr bir \u015firketin bir\u00e7ok avantajlar\u0131 var. Bir Notere gerek yoktur; t\u00fcm ana s\u00f6zle\u015fmeyi i\u00e7eren \u00f6zel bir anla\u015fma yeterlidir.<\/p>\n<p>Anonim \u015firketle \u00e7ok ortak y\u00f6ne sahiptir ve daha az b\u00fcrokrasisi vard\u0131r. \u00d6zel sermaye \u015firketleri de b\u00fcy\u00fck avantaja sahiptir; ortaklar sermaye katk\u0131s\u0131 yapmadan \u015firkete kat\u0131labilir. Sermaye katk\u0131s\u0131na \u201cal\u0131n teriyle kurulmu\u015f sermaye\u201d veya ki\u015fisel \u00e7al\u0131\u015fma \u00fcr\u00fcn\u00fc veya di\u011fer de\u011ferli \u00fcr\u00fcnlere katk\u0131da bulunabilirler. Sermaye katk\u0131s\u0131n\u0131n de\u011ferleme ara\u00e7lar\u0131 ve y\u00f6ntemleri hissedarlar veya ortaklar taraf\u0131ndan de\u011ferlendirilir ve kararla\u015ft\u0131r\u0131l\u0131r.<\/p>\n<p>\u00d6zel sermaye \u015firketinin asgari sermaye gereksinimi yoktur. S\u0131n\u0131rl\u0131 sorumlulu\u011fu vard\u0131r ve ayn\u0131 zamanda tek ki\u015filik bir \u015firket olabilir.<\/p>\n<p>\u00d6zel sermaye \u015firketi, ortak olmas\u0131 gereken bir veya daha fazla y\u00f6netici taraf\u0131ndan temsil edilir. Genel kurul, \u00e7al\u0131\u015fanlar\u0131 y\u00f6netici olarak da se\u00e7ebilir.<\/p>\n<p><strong>Ki\u015fisel S\u0131n\u0131rs\u0131z Ortakl\u0131k (OE)<\/strong><br \/>\nKi\u015fisel s\u0131n\u0131rs\u0131z ortakl\u0131k, t\u00fcm ortaklar\u0131n ki\u015fisel varl\u0131klar\u0131 ile birlikte i\u015fletmenin bor\u00e7lar\u0131ndan tam olarak sorumlu oldu\u011fu bir i\u015fletmedir.<\/p>\n<p>Bu t\u00fcr i\u015fletmeler normalde d\u00fc\u015f\u00fck riske maruz kalan, d\u00fc\u015f\u00fck maliyetli ve kullan\u0131m\u0131 kolay k\u00fc\u00e7\u00fck i\u015fletmeler taraf\u0131ndan tercih edilir. Ana s\u00f6zle\u015fme gereklidir ve ayr\u0131ca bir One Stop Authority arac\u0131l\u0131\u011f\u0131yla genel ticaret siciline g\u00f6re kurulur.<\/p>\n<p>Ki\u015fisel ortakl\u0131\u011f\u0131n asgari sermaye \u015fart\u0131 yoktur ve bir veya daha fazla ortak taraf\u0131ndan y\u00f6netilmektedir.<\/p>\n<p><strong>Ki\u015fisel Limited Ortakl\u0131k (EE)<\/strong><br \/>\nKi\u015fisel Limited Ortakl\u0131k, s\u0131n\u0131rl\u0131 ortaklar\u0131n katk\u0131l\u0131 sermayeleri ile s\u0131n\u0131rl\u0131 olan y\u00fck\u00fcml\u00fcl\u00fckleri hari\u00e7, s\u0131n\u0131rs\u0131z bir ortakl\u0131k ile ayn\u0131d\u0131r. Ancak s\u0131n\u0131rs\u0131z sorumlulu\u011fu olan en az bir orta\u011fa sahip olman\u0131z gerekmektedir. S\u0131n\u0131rl\u0131 sorumlu ortaklar y\u00f6netici olamazlar.<\/p>\n<p><strong>Tek Giri\u015fimciler\/Serbest \u00c7al\u0131\u015fan Profesyonelleri<\/strong><br \/>\nGiri\u015fimciler Yunanistan&#8217;da bireysel olarak serbest \u00e7al\u0131\u015fan olarak faaliyet g\u00f6sterebilirler. \u00d6zellikle avukatlar, komisyoncular vb. profesyoneller bireysel \u015fekilde i\u015fletme olarak faaliyet g\u00f6sterebilmekte, olu\u015fabilecek her t\u00fcrl\u00fc bor\u00e7 ve y\u00fck\u00fcml\u00fcl\u00fcklerden tam olarak sorumlu olabilmektedirler.<\/p>\n<p><strong>Yabanc\u0131 \u015eirket \u015eubesi Kurulmas\u0131<\/strong><br \/>\nYunanistan&#8217;da yabanc\u0131 bir \u015firket kurulmas\u0131, bir Yunan \u015firketi gibi hareket eden ancak a\u015fa\u011f\u0131dakiler gibi belirli belgelere ihtiya\u00e7 duyan bir \u015fube kurularak ger\u00e7ekle\u015ftirilebilir: Yabanc\u0131 \u015firketin Ana S\u00f6zle\u015fmesi (Apostil ile terc\u00fcme edilmelidir), Faaliyet Belgesi, vb. Ayr\u0131ca, yurt d\u0131\u015f\u0131 \u015fubelerin Yunanistan&#8217;da bir yasal temsilciye ihtiyac\u0131 vard\u0131r. S\u00f6z konusu temsilcinin Yunanistan&#8217;da ikamet etmesi gerekli de\u011fildir, ancak yetkili bir ki\u015finin Yunanistan&#8217;da yaz\u0131\u015fmalar almas\u0131 gereklidir.<\/p>\n<p>Genel ticaret siciline tescil edildikten ve yetkili vergi dairesinde bir Vergi numaras\u0131 al\u0131nd\u0131ktan sonra, yabanc\u0131 \u015fube ana \u015firket veya bir Yunan \u015firketi olarak hareket edecektir.<br \/>\nYunanistan&#8217;daki temsilcilerin y\u00fck\u00fcml\u00fcl\u00fckleri SA y\u00f6netim kurulu \u00fcyeleri ile tamamen ayn\u0131d\u0131r.<\/p>\n<p><strong>Nakliye \u015firketleri \u015fubesi\/ 89\/1967 say\u0131l\u0131 Kanun veya 27\/1975 say\u0131l\u0131 Kanun<\/strong><br \/>\nYabanc\u0131 nakliye kurulu\u015flar\u0131 89\/1967 say\u0131l\u0131 yasa uyar\u0131nca bir ofis veya 27\/1975 say\u0131l\u0131 Kanun h\u00fck\u00fcmleri uyar\u0131nca Yunan veya yabanc\u0131 bayrakl\u0131 bir \u015firket kurabilirler. 89\/1967 say\u0131l\u0131 Kanun, dan\u0131\u015fmanl\u0131k hizmetleri (merkez ofislerine veya yabanc\u0131 i\u015ftiraklerine) sa\u011flama, onar\u0131m hizmetleri, muhasebe deste\u011fi, merkezi veri i\u015fleme hizmetleri sa\u011flama amac\u0131na sahiptir ve ayn\u0131 zamanda i\u015fletme y\u00f6netimi, \u00fcretimin kalite kontrol\u00fc, proje planlama hizmetleri, reklam ve pazarlama hizmetlerini de kapsayabilir. 89. Yasa uyar\u0131nca t\u00fczel ki\u015filik i\u00e7in en az d\u00f6rt ki\u015finin asgari personel zorunlulu\u011fu vard\u0131r. Ofis ayr\u0131ca, en az 100.000 AVRO tutar\u0131ndaki banka havaleleri yoluyla d\u00f6viz transfer etmek zorundad\u0131r.<br \/>\n27\/1975 say\u0131l\u0131 Kanunun 25&#8217;inci maddesi uyar\u0131nca, nakliye \u015firketleri Yunanistan&#8217;da 500 tondan fazla kay\u0131tl\u0131 Yunan veya yabanc\u0131 bayrakl\u0131 yolcu d\u0131\u015f\u0131 gemiler i\u00e7in i\u015fletme, y\u00f6netim, kiralama vb. ile ilgili \u00e7e\u015fitli faaliyetler i\u00e7in bir ofis kurabilirler. 27\/1975 say\u0131l\u0131 Kanun kapsam\u0131ndaki ofisler, yabanc\u0131 gemi sahibi \u015firketleri veya di\u011fer yabanc\u0131 \u015firketleri nakliye faaliyetleriyle temsil edebilir. Ofis ayr\u0131ca, en az 100.000 AVRO tutar\u0131ndaki banka havaleleri yoluyla d\u00f6viz transfer etmek zorundad\u0131r.<\/p>\n","protected":false},"excerpt":{"rendered":"<p>Aegean Consulting, T\u00fcrk vatanda\u015flar\u0131n\u0131n t\u00fcm ihtiya\u00e7lar\u0131n\u0131 kar\u015f\u0131layarak T\u00fcrk\u00e7e dilinde \u00fcst d\u00fczey hukuk ve muhasebe hizmetleri sunmaktad\u0131r. \u015eirketinizi, rekabet\u00e7i avantaj\u0131n\u0131z\u0131 koruyarak ve art\u0131rarak yeni bir bak\u0131\u015f a\u00e7\u0131s\u0131na y\u00f6nlendirebiliriz. Birlikte ortaya \u00e7\u0131kabilecek sorunlar\u0131 ele al\u0131yoruz ve tam ve kal\u0131c\u0131 bir hizmet sunarak Avukatlar ve Muhasebecilerin yan\u0131 s\u0131ra Noter, Mali M\u00fc\u015favirler, Denet\u00e7iler ve M\u00fchendisler gibi di\u011fer profesyonellerden acil [&hellip;]<\/p>\n","protected":false},"author":5,"featured_media":0,"parent":0,"menu_order":0,"comment_status":"closed","ping_status":"closed","template":"","meta":{"footnotes":""},"class_list":["post-11660","page","type-page","status-publish","hentry"],"yoast_head":"<!-- This site is optimized with the Yoast SEO plugin v26.5 - https:\/\/yoast.com\/wordpress\/plugins\/seo\/ -->\n<title>T\u00dcRK VATANDA\u015eLARI \u0130\u00c7\u0130N YUNAN\u0130STAN&#039;DA \u015e\u0130RKET KURULMASI | aegeanconsulting.gr<\/title>\n<meta name=\"robots\" content=\"noindex, follow, max-snippet:-1, max-image-preview:large, max-video-preview:-1\" \/>\n<meta property=\"og:locale\" content=\"tr_TR\" \/>\n<meta property=\"og:type\" content=\"article\" \/>\n<meta property=\"og:title\" content=\"T\u00dcRK VATANDA\u015eLARI \u0130\u00c7\u0130N YUNAN\u0130STAN&#039;DA \u015e\u0130RKET KURULMASI | aegeanconsulting.gr\" \/>\n<meta property=\"og:description\" content=\"Aegean Consulting, T\u00fcrk vatanda\u015flar\u0131n\u0131n t\u00fcm ihtiya\u00e7lar\u0131n\u0131 kar\u015f\u0131layarak T\u00fcrk\u00e7e dilinde \u00fcst d\u00fczey hukuk ve muhasebe hizmetleri sunmaktad\u0131r. \u015eirketinizi, rekabet\u00e7i avantaj\u0131n\u0131z\u0131 koruyarak ve art\u0131rarak yeni bir bak\u0131\u015f a\u00e7\u0131s\u0131na y\u00f6nlendirebiliriz. Birlikte ortaya \u00e7\u0131kabilecek sorunlar\u0131 ele al\u0131yoruz ve tam ve kal\u0131c\u0131 bir hizmet sunarak Avukatlar ve Muhasebecilerin yan\u0131 s\u0131ra Noter, Mali M\u00fc\u015favirler, Denet\u00e7iler ve M\u00fchendisler gibi di\u011fer profesyonellerden acil [&hellip;]\" \/>\n<meta property=\"og:url\" content=\"https:\/\/aegeanconsulting.gr\/tr\/turk-vatandaslari-icin-yunanistanda-sirket-kurulmasi\/\" \/>\n<meta property=\"og:site_name\" content=\"aegeanconsulting.gr\" \/>\n<meta property=\"article:modified_time\" content=\"2023-09-28T17:02:15+00:00\" \/>\n<meta property=\"og:image\" content=\"https:\/\/aegeanconsulting.gr\/wp-content\/uploads\/2019\/08\/doy_efories_rantevou.png\" \/>\n<meta name=\"twitter:label1\" content=\"Est. reading time\" \/>\n\t<meta name=\"twitter:data1\" content=\"5 minutes\" \/>\n<script type=\"application\/ld+json\" class=\"yoast-schema-graph\">{\"@context\":\"https:\/\/schema.org\",\"@graph\":[{\"@type\":\"WebPage\",\"@id\":\"https:\/\/aegeanconsulting.gr\/tr\/turk-vatandaslari-icin-yunanistanda-sirket-kurulmasi\/\",\"url\":\"https:\/\/aegeanconsulting.gr\/tr\/turk-vatandaslari-icin-yunanistanda-sirket-kurulmasi\/\",\"name\":\"T\u00dcRK VATANDA\u015eLARI \u0130\u00c7\u0130N YUNAN\u0130STAN'DA \u015e\u0130RKET KURULMASI | aegeanconsulting.gr\",\"isPartOf\":{\"@id\":\"https:\/\/aegeanconsulting.gr\/#website\"},\"datePublished\":\"2020-12-21T12:30:17+00:00\",\"dateModified\":\"2023-09-28T17:02:15+00:00\",\"breadcrumb\":{\"@id\":\"https:\/\/aegeanconsulting.gr\/tr\/turk-vatandaslari-icin-yunanistanda-sirket-kurulmasi\/#breadcrumb\"},\"inLanguage\":\"tr\",\"potentialAction\":[{\"@type\":\"ReadAction\",\"target\":[\"https:\/\/aegeanconsulting.gr\/tr\/turk-vatandaslari-icin-yunanistanda-sirket-kurulmasi\/\"]}]},{\"@type\":\"BreadcrumbList\",\"@id\":\"https:\/\/aegeanconsulting.gr\/tr\/turk-vatandaslari-icin-yunanistanda-sirket-kurulmasi\/#breadcrumb\",\"itemListElement\":[{\"@type\":\"ListItem\",\"position\":1,\"name\":\"Ev\",\"item\":\"https:\/\/aegeanconsulting.gr\/tr\/home-2\/\"},{\"@type\":\"ListItem\",\"position\":2,\"name\":\"T\u00dcRK VATANDA\u015eLARI \u0130\u00c7\u0130N YUNAN\u0130STAN&#8217;DA \u015e\u0130RKET KURULMASI\"}]},{\"@type\":\"WebSite\",\"@id\":\"https:\/\/aegeanconsulting.gr\/#website\",\"url\":\"https:\/\/aegeanconsulting.gr\/\",\"name\":\"aegeanconsulting.gr\",\"description\":\"Legal and Accounting Services in Greece\",\"publisher\":{\"@id\":\"https:\/\/aegeanconsulting.gr\/#organization\"},\"potentialAction\":[{\"@type\":\"SearchAction\",\"target\":{\"@type\":\"EntryPoint\",\"urlTemplate\":\"https:\/\/aegeanconsulting.gr\/?s={search_term_string}\"},\"query-input\":{\"@type\":\"PropertyValueSpecification\",\"valueRequired\":true,\"valueName\":\"search_term_string\"}}],\"inLanguage\":\"tr\"},{\"@type\":\"Organization\",\"@id\":\"https:\/\/aegeanconsulting.gr\/#organization\",\"name\":\"aegeanconsulting.gr\",\"url\":\"https:\/\/aegeanconsulting.gr\/\",\"logo\":{\"@type\":\"ImageObject\",\"inLanguage\":\"tr\",\"@id\":\"https:\/\/aegeanconsulting.gr\/#\/schema\/logo\/image\/\",\"url\":\"https:\/\/new.aegeanconsulting.gr\/wp-content\/uploads\/2023\/06\/aegean-consulting-logo.svg\",\"contentUrl\":\"https:\/\/new.aegeanconsulting.gr\/wp-content\/uploads\/2023\/06\/aegean-consulting-logo.svg\",\"width\":244,\"height\":81,\"caption\":\"aegeanconsulting.gr\"},\"image\":{\"@id\":\"https:\/\/aegeanconsulting.gr\/#\/schema\/logo\/image\/\"}}]}<\/script>\n<!-- \/ Yoast SEO plugin. -->","yoast_head_json":{"title":"T\u00dcRK VATANDA\u015eLARI \u0130\u00c7\u0130N YUNAN\u0130STAN'DA \u015e\u0130RKET KURULMASI | aegeanconsulting.gr","robots":{"index":"noindex","follow":"follow","max-snippet":"max-snippet:-1","max-image-preview":"max-image-preview:large","max-video-preview":"max-video-preview:-1"},"og_locale":"tr_TR","og_type":"article","og_title":"T\u00dcRK VATANDA\u015eLARI \u0130\u00c7\u0130N YUNAN\u0130STAN'DA \u015e\u0130RKET KURULMASI | aegeanconsulting.gr","og_description":"Aegean Consulting, T\u00fcrk vatanda\u015flar\u0131n\u0131n t\u00fcm ihtiya\u00e7lar\u0131n\u0131 kar\u015f\u0131layarak T\u00fcrk\u00e7e dilinde \u00fcst d\u00fczey hukuk ve muhasebe hizmetleri sunmaktad\u0131r. \u015eirketinizi, rekabet\u00e7i avantaj\u0131n\u0131z\u0131 koruyarak ve art\u0131rarak yeni bir bak\u0131\u015f a\u00e7\u0131s\u0131na y\u00f6nlendirebiliriz. Birlikte ortaya \u00e7\u0131kabilecek sorunlar\u0131 ele al\u0131yoruz ve tam ve kal\u0131c\u0131 bir hizmet sunarak Avukatlar ve Muhasebecilerin yan\u0131 s\u0131ra Noter, Mali M\u00fc\u015favirler, Denet\u00e7iler ve M\u00fchendisler gibi di\u011fer profesyonellerden acil [&hellip;]","og_url":"https:\/\/aegeanconsulting.gr\/tr\/turk-vatandaslari-icin-yunanistanda-sirket-kurulmasi\/","og_site_name":"aegeanconsulting.gr","article_modified_time":"2023-09-28T17:02:15+00:00","og_image":[{"url":"https:\/\/aegeanconsulting.gr\/wp-content\/uploads\/2019\/08\/doy_efories_rantevou.png","type":"","width":"","height":""}],"twitter_misc":{"Est. reading time":"5 minutes"},"schema":{"@context":"https:\/\/schema.org","@graph":[{"@type":"WebPage","@id":"https:\/\/aegeanconsulting.gr\/tr\/turk-vatandaslari-icin-yunanistanda-sirket-kurulmasi\/","url":"https:\/\/aegeanconsulting.gr\/tr\/turk-vatandaslari-icin-yunanistanda-sirket-kurulmasi\/","name":"T\u00dcRK VATANDA\u015eLARI \u0130\u00c7\u0130N YUNAN\u0130STAN'DA \u015e\u0130RKET KURULMASI | aegeanconsulting.gr","isPartOf":{"@id":"https:\/\/aegeanconsulting.gr\/#website"},"datePublished":"2020-12-21T12:30:17+00:00","dateModified":"2023-09-28T17:02:15+00:00","breadcrumb":{"@id":"https:\/\/aegeanconsulting.gr\/tr\/turk-vatandaslari-icin-yunanistanda-sirket-kurulmasi\/#breadcrumb"},"inLanguage":"tr","potentialAction":[{"@type":"ReadAction","target":["https:\/\/aegeanconsulting.gr\/tr\/turk-vatandaslari-icin-yunanistanda-sirket-kurulmasi\/"]}]},{"@type":"BreadcrumbList","@id":"https:\/\/aegeanconsulting.gr\/tr\/turk-vatandaslari-icin-yunanistanda-sirket-kurulmasi\/#breadcrumb","itemListElement":[{"@type":"ListItem","position":1,"name":"Ev","item":"https:\/\/aegeanconsulting.gr\/tr\/home-2\/"},{"@type":"ListItem","position":2,"name":"T\u00dcRK VATANDA\u015eLARI \u0130\u00c7\u0130N YUNAN\u0130STAN&#8217;DA \u015e\u0130RKET KURULMASI"}]},{"@type":"WebSite","@id":"https:\/\/aegeanconsulting.gr\/#website","url":"https:\/\/aegeanconsulting.gr\/","name":"aegeanconsulting.gr","description":"Legal and Accounting Services in Greece","publisher":{"@id":"https:\/\/aegeanconsulting.gr\/#organization"},"potentialAction":[{"@type":"SearchAction","target":{"@type":"EntryPoint","urlTemplate":"https:\/\/aegeanconsulting.gr\/?s={search_term_string}"},"query-input":{"@type":"PropertyValueSpecification","valueRequired":true,"valueName":"search_term_string"}}],"inLanguage":"tr"},{"@type":"Organization","@id":"https:\/\/aegeanconsulting.gr\/#organization","name":"aegeanconsulting.gr","url":"https:\/\/aegeanconsulting.gr\/","logo":{"@type":"ImageObject","inLanguage":"tr","@id":"https:\/\/aegeanconsulting.gr\/#\/schema\/logo\/image\/","url":"https:\/\/new.aegeanconsulting.gr\/wp-content\/uploads\/2023\/06\/aegean-consulting-logo.svg","contentUrl":"https:\/\/new.aegeanconsulting.gr\/wp-content\/uploads\/2023\/06\/aegean-consulting-logo.svg","width":244,"height":81,"caption":"aegeanconsulting.gr"},"image":{"@id":"https:\/\/aegeanconsulting.gr\/#\/schema\/logo\/image\/"}}]}},"_links":{"self":[{"href":"https:\/\/new.aegeanconsulting.gr\/tr\/wp-json\/wp\/v2\/pages\/11660","targetHints":{"allow":["GET"]}}],"collection":[{"href":"https:\/\/new.aegeanconsulting.gr\/tr\/wp-json\/wp\/v2\/pages"}],"about":[{"href":"https:\/\/new.aegeanconsulting.gr\/tr\/wp-json\/wp\/v2\/types\/page"}],"author":[{"embeddable":true,"href":"https:\/\/new.aegeanconsulting.gr\/tr\/wp-json\/wp\/v2\/users\/5"}],"replies":[{"embeddable":true,"href":"https:\/\/new.aegeanconsulting.gr\/tr\/wp-json\/wp\/v2\/comments?post=11660"}],"version-history":[{"count":1,"href":"https:\/\/new.aegeanconsulting.gr\/tr\/wp-json\/wp\/v2\/pages\/11660\/revisions"}],"predecessor-version":[{"id":17001,"href":"https:\/\/new.aegeanconsulting.gr\/tr\/wp-json\/wp\/v2\/pages\/11660\/revisions\/17001"}],"wp:attachment":[{"href":"https:\/\/new.aegeanconsulting.gr\/tr\/wp-json\/wp\/v2\/media?parent=11660"}],"curies":[{"name":"wp","href":"https:\/\/api.w.org\/{rel}","templated":true}]}}