{"id":11728,"date":"2013-06-05T20:25:19","date_gmt":"2013-06-05T17:25:19","guid":{"rendered":"https:\/\/aegeanconsulting.gr\/home-2\/"},"modified":"2023-10-02T10:39:30","modified_gmt":"2023-10-02T07:39:30","slug":"home-2","status":"publish","type":"page","link":"https:\/\/new.aegeanconsulting.gr\/tr\/","title":{"rendered":"ANASAYFA"},"content":{"rendered":"\t\t<div data-elementor-type=\"wp-page\" data-elementor-id=\"11728\" class=\"elementor elementor-11728 elementor-2\" data-elementor-post-type=\"page\">\n\t\t\t\t\t\t<section class=\"elementor-section elementor-top-section elementor-element elementor-element-b700168 elementor-section-full_width elementor-section-content-bottom elementor-section-height-default elementor-section-height-default\" data-id=\"b700168\" data-element_type=\"section\" data-settings=\"{&quot;background_background&quot;:&quot;classic&quot;}\">\n\t\t\t\t\t\t<div class=\"elementor-container elementor-column-gap-default\">\n\t\t\t\t\t<div class=\"elementor-column elementor-col-100 elementor-top-column elementor-element elementor-element-ad800df\" data-id=\"ad800df\" data-element_type=\"column\">\n\t\t\t<div class=\"elementor-widget-wrap elementor-element-populated\">\n\t\t\t\t\t\t<section class=\"elementor-section elementor-inner-section elementor-element elementor-element-39aae04 elementor-section-boxed elementor-section-height-default elementor-section-height-default\" data-id=\"39aae04\" data-element_type=\"section\">\n\t\t\t\t\t\t<div class=\"elementor-container elementor-column-gap-default\">\n\t\t\t\t\t<div class=\"elementor-column elementor-col-50 elementor-inner-column elementor-element elementor-element-1e259d1\" data-id=\"1e259d1\" data-element_type=\"column\" data-settings=\"{&quot;background_background&quot;:&quot;classic&quot;}\">\n\t\t\t<div class=\"elementor-widget-wrap elementor-element-populated\">\n\t\t\t\t\t\t<div class=\"elementor-element elementor-element-8750354 elementor-widget elementor-widget-spacer\" data-id=\"8750354\" data-element_type=\"widget\" data-widget_type=\"spacer.default\">\n\t\t\t\t<div class=\"elementor-widget-container\">\n\t\t\t\t\t\t\t<div class=\"elementor-spacer\">\n\t\t\t<div class=\"elementor-spacer-inner\"><\/div>\n\t\t<\/div>\n\t\t\t\t\t\t<\/div>\n\t\t\t\t<\/div>\n\t\t\t\t\t<\/div>\n\t\t<\/div>\n\t\t\t\t<div class=\"elementor-column elementor-col-50 elementor-inner-column elementor-element elementor-element-cec6b0a\" data-id=\"cec6b0a\" data-element_type=\"column\" data-settings=\"{&quot;background_background&quot;:&quot;classic&quot;}\">\n\t\t\t<div class=\"elementor-widget-wrap elementor-element-populated\">\n\t\t\t\t\t\t<div class=\"elementor-element elementor-element-d64efd3 elementor-widget elementor-widget-image\" data-id=\"d64efd3\" data-element_type=\"widget\" data-widget_type=\"image.default\">\n\t\t\t\t<div class=\"elementor-widget-container\">\n\t\t\t\t\t\t\t\t\t\t\t\t\t\t\t\t<a href=\"\/tr\/awards\">\n\t\t\t\t\t\t\t<img fetchpriority=\"high\" decoding=\"async\" width=\"767\" height=\"570\" src=\"https:\/\/new.aegeanconsulting.gr\/wp-content\/uploads\/2023\/09\/Group-250.png\" class=\"attachment-full size-full wp-image-16749\" alt=\"\" srcset=\"https:\/\/new.aegeanconsulting.gr\/wp-content\/uploads\/2023\/09\/Group-250.png 767w, https:\/\/new.aegeanconsulting.gr\/wp-content\/uploads\/2023\/09\/Group-250-300x223.png 300w\" sizes=\"(max-width: 767px) 100vw, 767px\" \/>\t\t\t\t\t\t\t\t<\/a>\n\t\t\t\t\t\t\t\t\t\t\t\t\t\t\t<\/div>\n\t\t\t\t<\/div>\n\t\t\t\t\t<\/div>\n\t\t<\/div>\n\t\t\t\t\t<\/div>\n\t\t<\/section>\n\t\t\t\t<section class=\"elementor-section elementor-inner-section elementor-element elementor-element-335eee5 elementor-section-height-min-height elementor-section-boxed elementor-section-height-default\" data-id=\"335eee5\" data-element_type=\"section\">\n\t\t\t\t\t\t<div class=\"elementor-container elementor-column-gap-default\">\n\t\t\t\t\t<div class=\"elementor-column elementor-col-50 elementor-inner-column elementor-element elementor-element-a6e2748\" data-id=\"a6e2748\" data-element_type=\"column\" data-settings=\"{&quot;background_background&quot;:&quot;classic&quot;}\">\n\t\t\t<div class=\"elementor-widget-wrap elementor-element-populated\">\n\t\t\t\t\t\t<div class=\"elementor-element elementor-element-53da6d8 elementor-widget elementor-widget-spacer\" data-id=\"53da6d8\" data-element_type=\"widget\" data-widget_type=\"spacer.default\">\n\t\t\t\t<div class=\"elementor-widget-container\">\n\t\t\t\t\t\t\t<div class=\"elementor-spacer\">\n\t\t\t<div class=\"elementor-spacer-inner\"><\/div>\n\t\t<\/div>\n\t\t\t\t\t\t<\/div>\n\t\t\t\t<\/div>\n\t\t\t\t<div class=\"elementor-element elementor-element-f1e7e60 elementor-widget elementor-widget-heading\" data-id=\"f1e7e60\" data-element_type=\"widget\" data-widget_type=\"heading.default\">\n\t\t\t\t<div class=\"elementor-widget-container\">\n\t\t\t\t\t<span class=\"elementor-heading-title elementor-size-default\">Muhasebe<\/br>\n&amp; Vergi<\/br>\nDestek<\/span>\t\t\t\t<\/div>\n\t\t\t\t<\/div>\n\t\t\t\t<div class=\"elementor-element elementor-element-7d0cf7b elementor-widget elementor-widget-image\" data-id=\"7d0cf7b\" data-element_type=\"widget\" data-widget_type=\"image.default\">\n\t\t\t\t<div class=\"elementor-widget-container\">\n\t\t\t\t\t\t\t\t\t\t\t\t\t\t\t\t<a href=\"\/tr\/logistikes\/\">\n\t\t\t\t\t\t\t<img decoding=\"async\" src=\"https:\/\/new.aegeanconsulting.gr\/wp-content\/uploads\/2023\/06\/home-plus.svg\" class=\"attachment-full size-full wp-image-14246\" alt=\"\" \/>\t\t\t\t\t\t\t\t<\/a>\n\t\t\t\t\t\t\t\t\t\t\t\t\t\t\t<\/div>\n\t\t\t\t<\/div>\n\t\t\t\t\t<\/div>\n\t\t<\/div>\n\t\t\t\t<div class=\"elementor-column elementor-col-50 elementor-inner-column elementor-element elementor-element-f6cd16f\" data-id=\"f6cd16f\" data-element_type=\"column\" data-settings=\"{&quot;background_background&quot;:&quot;classic&quot;}\">\n\t\t\t<div class=\"elementor-widget-wrap elementor-element-populated\">\n\t\t\t\t\t\t<div class=\"elementor-element elementor-element-5ea68fa elementor-widget elementor-widget-spacer\" data-id=\"5ea68fa\" data-element_type=\"widget\" data-widget_type=\"spacer.default\">\n\t\t\t\t<div class=\"elementor-widget-container\">\n\t\t\t\t\t\t\t<div class=\"elementor-spacer\">\n\t\t\t<div class=\"elementor-spacer-inner\"><\/div>\n\t\t<\/div>\n\t\t\t\t\t\t<\/div>\n\t\t\t\t<\/div>\n\t\t\t\t<div class=\"elementor-element elementor-element-7f64a9a elementor-widget elementor-widget-heading\" data-id=\"7f64a9a\" data-element_type=\"widget\" data-widget_type=\"heading.default\">\n\t\t\t\t<div class=\"elementor-widget-container\">\n\t\t\t\t\t<span class=\"elementor-heading-title elementor-size-default\">Dan\u0131\u015fmanl\u0131k<\/br>\nher<\/br> i\u00e7in\ni\u015fletme<\/span>\t\t\t\t<\/div>\n\t\t\t\t<\/div>\n\t\t\t\t<div class=\"elementor-element elementor-element-73dad2a elementor-widget elementor-widget-image\" data-id=\"73dad2a\" data-element_type=\"widget\" data-widget_type=\"image.default\">\n\t\t\t\t<div class=\"elementor-widget-container\">\n\t\t\t\t\t\t\t\t\t\t\t\t\t\t\t\t<a href=\"\/tr\/is-kurma-ve-destek\/\">\n\t\t\t\t\t\t\t<img decoding=\"async\" src=\"https:\/\/new.aegeanconsulting.gr\/wp-content\/uploads\/2023\/06\/home-plus.svg\" class=\"attachment-full size-full wp-image-14246\" alt=\"\" \/>\t\t\t\t\t\t\t\t<\/a>\n\t\t\t\t\t\t\t\t\t\t\t\t\t\t\t<\/div>\n\t\t\t\t<\/div>\n\t\t\t\t\t<\/div>\n\t\t<\/div>\n\t\t\t\t\t<\/div>\n\t\t<\/section>\n\t\t\t\t\t<\/div>\n\t\t<\/div>\n\t\t\t\t\t<\/div>\n\t\t<\/section>\n\t\t\t\t<section class=\"elementor-section elementor-top-section elementor-element elementor-element-d24c742 elementor-section-boxed elementor-section-height-default elementor-section-height-default\" data-id=\"d24c742\" data-element_type=\"section\">\n\t\t\t\t\t\t<div class=\"elementor-container elementor-column-gap-default\">\n\t\t\t\t\t<div class=\"elementor-column elementor-col-100 elementor-top-column elementor-element elementor-element-5a00dcd\" data-id=\"5a00dcd\" data-element_type=\"column\">\n\t\t\t<div class=\"elementor-widget-wrap elementor-element-populated\">\n\t\t\t\t\t\t<section class=\"elementor-section elementor-inner-section elementor-element elementor-element-a763125 elementor-section-boxed elementor-section-height-default elementor-section-height-default\" data-id=\"a763125\" data-element_type=\"section\">\n\t\t\t\t\t\t<div class=\"elementor-container elementor-column-gap-default\">\n\t\t\t\t\t<div class=\"elementor-column elementor-col-50 elementor-inner-column elementor-element elementor-element-5acae74\" data-id=\"5acae74\" data-element_type=\"column\">\n\t\t\t<div class=\"elementor-widget-wrap elementor-element-populated\">\n\t\t\t\t\t\t<div class=\"elementor-element elementor-element-ea060a2 elementor-widget elementor-widget-heading\" data-id=\"ea060a2\" data-element_type=\"widget\" data-widget_type=\"heading.default\">\n\t\t\t\t<div class=\"elementor-widget-container\">\n\t\t\t\t\t<h2 class=\"elementor-heading-title elementor-size-default\">M\u00fc\u015fterilerimize yard\u0131mc\u0131 oluyoruz\nsa\u011fl\u0131kl\u0131 yaratmak ve\n<font style=\"color:#26B7CD\">ba\u015far\u0131l\u0131 i\u015fletmeler<\/font>\nb\u00fcy\u00fck k\u00e2rlarla.<\/h2>\t\t\t\t<\/div>\n\t\t\t\t<\/div>\n\t\t\t\t\t<\/div>\n\t\t<\/div>\n\t\t\t\t<div class=\"elementor-column elementor-col-50 elementor-inner-column elementor-element elementor-element-40caede\" data-id=\"40caede\" data-element_type=\"column\">\n\t\t\t<div class=\"elementor-widget-wrap elementor-element-populated\">\n\t\t\t\t\t\t<div class=\"elementor-element elementor-element-9f25586 elementor-widget elementor-widget-text-editor\" data-id=\"9f25586\" data-element_type=\"widget\" data-widget_type=\"text-editor.default\">\n\t\t\t\t<div class=\"elementor-widget-container\">\n\t\t\t\t\t\t\t\t\t<p>Ege Dan\u0131\u015fmanl\u0131k Grubu, modern i\u015fletmecili\u011fi tam anlam\u0131yla kapsamay\u0131 ama\u00e7layan muhasebe ve dan\u0131\u015fmanl\u0131k \u015firketlerinden olu\u015fan bir kurulu\u015ftur. \u0130\u015fletmenin geli\u015fimi ve evrimi i\u00e7in kurulu\u015ftan ba\u015flayarak do\u011fru kurumsal formun se\u00e7ilmesi, muhasebe departman\u0131n\u0131n organizasyonu, bordro departman\u0131 ve dan\u0131\u015fmanl\u0131k k\u0131sm\u0131na kadar devam eder.<\/p>\t\t\t\t\t\t\t\t<\/div>\n\t\t\t\t<\/div>\n\t\t\t\t<div class=\"elementor-element elementor-element-0cd455a elementor-widget__width-auto elementor-widget elementor-widget-heading\" data-id=\"0cd455a\" data-element_type=\"widget\" data-widget_type=\"heading.default\">\n\t\t\t\t<div class=\"elementor-widget-container\">\n\t\t\t\t\t<span class=\"elementor-heading-title elementor-size-default\"><a href=\"\/profil\/\">Daha<\/a><\/span>\t\t\t\t<\/div>\n\t\t\t\t<\/div>\n\t\t\t\t<div class=\"elementor-element elementor-element-8344a62 elementor-widget__width-auto elementor-widget elementor-widget-image\" data-id=\"8344a62\" data-element_type=\"widget\" data-widget_type=\"image.default\">\n\t\t\t\t<div class=\"elementor-widget-container\">\n\t\t\t\t\t\t\t\t\t\t\t\t\t\t\t\t<a href=\"\/profil\/\">\n\t\t\t\t\t\t\t<img decoding=\"async\" src=\"https:\/\/new.aegeanconsulting.gr\/wp-content\/uploads\/2023\/06\/arrow-services.svg\" title=\"arrow-services\" alt=\"arrow-services\" loading=\"lazy\" \/>\t\t\t\t\t\t\t\t<\/a>\n\t\t\t\t\t\t\t\t\t\t\t\t\t\t\t<\/div>\n\t\t\t\t<\/div>\n\t\t\t\t\t<\/div>\n\t\t<\/div>\n\t\t\t\t\t<\/div>\n\t\t<\/section>\n\t\t\t\t\t<\/div>\n\t\t<\/div>\n\t\t\t\t\t<\/div>\n\t\t<\/section>\n\t\t\t\t<section class=\"elementor-section elementor-top-section elementor-element elementor-element-fc083f4 elementor-section-full_width elementor-section-height-min-height elementor-section-items-stretch elementor-section-height-default\" data-id=\"fc083f4\" data-element_type=\"section\" data-settings=\"{&quot;background_background&quot;:&quot;classic&quot;}\">\n\t\t\t\t\t\t<div class=\"elementor-container elementor-column-gap-default\">\n\t\t\t\t\t<div class=\"elementor-column elementor-col-100 elementor-top-column elementor-element elementor-element-17bf2cc\" data-id=\"17bf2cc\" data-element_type=\"column\">\n\t\t\t<div class=\"elementor-widget-wrap elementor-element-populated\">\n\t\t\t\t\t\t<section class=\"elementor-section elementor-inner-section elementor-element elementor-element-9034287 elementor-section-boxed elementor-section-height-default elementor-section-height-default\" data-id=\"9034287\" data-element_type=\"section\">\n\t\t\t\t\t\t<div class=\"elementor-container elementor-column-gap-default\">\n\t\t\t\t\t<div class=\"elementor-column elementor-col-50 elementor-inner-column elementor-element elementor-element-67a1513\" data-id=\"67a1513\" data-element_type=\"column\">\n\t\t\t<div class=\"elementor-widget-wrap\">\n\t\t\t\t\t\t\t<\/div>\n\t\t<\/div>\n\t\t\t\t<div class=\"elementor-column elementor-col-50 elementor-inner-column elementor-element elementor-element-820b184\" data-id=\"820b184\" data-element_type=\"column\">\n\t\t\t<div class=\"elementor-widget-wrap\">\n\t\t\t\t\t\t\t<\/div>\n\t\t<\/div>\n\t\t\t\t\t<\/div>\n\t\t<\/section>\n\t\t\t\t<section class=\"elementor-section elementor-inner-section elementor-element elementor-element-0365bfd elementor-section-boxed elementor-section-height-default elementor-section-height-default\" data-id=\"0365bfd\" data-element_type=\"section\">\n\t\t\t\t\t\t<div class=\"elementor-container elementor-column-gap-default\">\n\t\t\t\t\t<div class=\"elementor-column elementor-col-100 elementor-inner-column elementor-element elementor-element-18c7fa1\" data-id=\"18c7fa1\" data-element_type=\"column\">\n\t\t\t<div class=\"elementor-widget-wrap elementor-element-populated\">\n\t\t\t\t\t\t<div class=\"elementor-element elementor-element-14708a1 elementor-widget elementor-widget-heading\" data-id=\"14708a1\" data-element_type=\"widget\" data-widget_type=\"heading.default\">\n\t\t\t\t<div class=\"elementor-widget-container\">\n\t\t\t\t\t<h2 class=\"elementor-heading-title elementor-size-default\">\u0130\u015fletmenizi b\u00fcy\u00fctmeye haz\u0131r m\u0131s\u0131n\u0131z?<\/h2>\t\t\t\t<\/div>\n\t\t\t\t<\/div>\n\t\t\t\t<div class=\"elementor-element elementor-element-126b103 elementor-widget elementor-widget-spacer\" data-id=\"126b103\" data-element_type=\"widget\" data-widget_type=\"spacer.default\">\n\t\t\t\t<div class=\"elementor-widget-container\">\n\t\t\t\t\t\t\t<div class=\"elementor-spacer\">\n\t\t\t<div class=\"elementor-spacer-inner\"><\/div>\n\t\t<\/div>\n\t\t\t\t\t\t<\/div>\n\t\t\t\t<\/div>\n\t\t\t\t<div class=\"elementor-element elementor-element-cbd1559 elementor-align-center elementor-widget elementor-widget-button\" data-id=\"cbd1559\" data-element_type=\"widget\" data-widget_type=\"button.default\">\n\t\t\t\t<div class=\"elementor-widget-container\">\n\t\t\t\t\t\t\t\t\t<div class=\"elementor-button-wrapper\">\n\t\t\t\t\t<a class=\"elementor-button elementor-button-link elementor-size-sm\" href=\"\/epikoinwnia\/\">\n\t\t\t\t\t\t<span class=\"elementor-button-content-wrapper\">\n\t\t\t\t\t\t\t\t\t<span class=\"elementor-button-text\">Bize Ula\u015f\u0131n<\/span>\n\t\t\t\t\t<\/span>\n\t\t\t\t\t<\/a>\n\t\t\t\t<\/div>\n\t\t\t\t\t\t\t\t<\/div>\n\t\t\t\t<\/div>\n\t\t\t\t\t<\/div>\n\t\t<\/div>\n\t\t\t\t\t<\/div>\n\t\t<\/section>\n\t\t\t\t\t<\/div>\n\t\t<\/div>\n\t\t\t\t\t<\/div>\n\t\t<\/section>\n\t\t\t\t<\/div>\n\t\t","protected":false},"excerpt":{"rendered":"<p>Muhasebe &#038; Vergi Destek Dan\u0131\u015fmanl\u0131k her i\u00e7in i\u015fletme M\u00fc\u015fterilerimize yard\u0131mc\u0131 oluyoruz sa\u011fl\u0131kl\u0131 yaratmak ve ba\u015far\u0131l\u0131 i\u015fletmeler b\u00fcy\u00fck k\u00e2rlarla. Ege Dan\u0131\u015fmanl\u0131k Grubu, modern i\u015fletmecili\u011fi tam anlam\u0131yla kapsamay\u0131 ama\u00e7layan muhasebe ve dan\u0131\u015fmanl\u0131k \u015firketlerinden olu\u015fan bir kurulu\u015ftur. \u0130\u015fletmenin geli\u015fimi ve evrimi i\u00e7in kurulu\u015ftan ba\u015flayarak do\u011fru kurumsal formun se\u00e7ilmesi, muhasebe departman\u0131n\u0131n organizasyonu, bordro departman\u0131 ve dan\u0131\u015fmanl\u0131k k\u0131sm\u0131na kadar devam [&hellip;]<\/p>\n","protected":false},"author":5,"featured_media":0,"parent":0,"menu_order":3,"comment_status":"closed","ping_status":"closed","template":"elementor_header_footer","meta":{"footnotes":""},"class_list":["post-11728","page","type-page","status-publish","hentry"],"yoast_head":"<!-- This site is optimized with the Yoast SEO plugin v26.5 - https:\/\/yoast.com\/wordpress\/plugins\/seo\/ -->\n<title>YUNAN\u0130STAN&#039;DA MUHASEBE VE DANI\u015eMANLIK H\u0130ZMETLER\u0130<\/title>\n<meta name=\"description\" content=\"Yunanistan&#039;da deneyimli ve uzman y\u00f6neticiler taraf\u0131ndan i\u015fletmelere ve bireylere muhasebe ve dan\u0131\u015fmanl\u0131k hizmetleri sa\u011flayan \u015firket\" \/>\n<meta name=\"robots\" content=\"noindex, follow, max-snippet:-1, max-image-preview:large, max-video-preview:-1\" \/>\n<meta property=\"og:locale\" content=\"tr_TR\" \/>\n<meta property=\"og:type\" content=\"article\" \/>\n<meta property=\"og:title\" content=\"YUNAN\u0130STAN&#039;DA MUHASEBE VE DANI\u015eMANLIK H\u0130ZMETLER\u0130\" \/>\n<meta property=\"og:description\" content=\"Yunanistan&#039;da deneyimli ve uzman y\u00f6neticiler taraf\u0131ndan i\u015fletmelere ve bireylere muhasebe ve dan\u0131\u015fmanl\u0131k hizmetleri sa\u011flayan \u015firket\" \/>\n<meta property=\"og:url\" content=\"https:\/\/aegeanconsulting.gr\/tr\/home-2\/\" \/>\n<meta property=\"og:site_name\" content=\"aegeanconsulting.gr\" \/>\n<meta property=\"article:modified_time\" content=\"2023-10-02T07:39:30+00:00\" \/>\n<meta property=\"og:image\" content=\"https:\/\/aegeanconsulting.gr\/wp-content\/uploads\/2023\/09\/Group-250.png\" \/>\n<meta name=\"twitter:label1\" content=\"Est. reading time\" \/>\n\t<meta name=\"twitter:data1\" content=\"2 minutes\" \/>\n<script type=\"application\/ld+json\" class=\"yoast-schema-graph\">{\"@context\":\"https:\/\/schema.org\",\"@graph\":[{\"@type\":\"WebPage\",\"@id\":\"https:\/\/aegeanconsulting.gr\/tr\/home-2\/\",\"url\":\"https:\/\/aegeanconsulting.gr\/tr\/home-2\/\",\"name\":\"YUNAN\u0130STAN'DA MUHASEBE VE DANI\u015eMANLIK H\u0130ZMETLER\u0130\",\"isPartOf\":{\"@id\":\"https:\/\/aegeanconsulting.gr\/#website\"},\"primaryImageOfPage\":{\"@id\":\"https:\/\/aegeanconsulting.gr\/tr\/home-2\/#primaryimage\"},\"image\":{\"@id\":\"https:\/\/aegeanconsulting.gr\/tr\/home-2\/#primaryimage\"},\"thumbnailUrl\":\"https:\/\/new.aegeanconsulting.gr\/wp-content\/uploads\/2023\/09\/Group-250.png\",\"datePublished\":\"2013-06-05T17:25:19+00:00\",\"dateModified\":\"2023-10-02T07:39:30+00:00\",\"description\":\"Yunanistan'da deneyimli ve uzman y\u00f6neticiler taraf\u0131ndan i\u015fletmelere ve bireylere muhasebe ve dan\u0131\u015fmanl\u0131k hizmetleri sa\u011flayan \u015firket\",\"breadcrumb\":{\"@id\":\"https:\/\/aegeanconsulting.gr\/tr\/home-2\/#breadcrumb\"},\"inLanguage\":\"tr\",\"potentialAction\":[{\"@type\":\"ReadAction\",\"target\":[\"https:\/\/aegeanconsulting.gr\/tr\/home-2\/\"]}]},{\"@type\":\"ImageObject\",\"inLanguage\":\"tr\",\"@id\":\"https:\/\/aegeanconsulting.gr\/tr\/home-2\/#primaryimage\",\"url\":\"https:\/\/new.aegeanconsulting.gr\/wp-content\/uploads\/2023\/09\/Group-250.png\",\"contentUrl\":\"https:\/\/new.aegeanconsulting.gr\/wp-content\/uploads\/2023\/09\/Group-250.png\"},{\"@type\":\"BreadcrumbList\",\"@id\":\"https:\/\/aegeanconsulting.gr\/tr\/home-2\/#breadcrumb\",\"itemListElement\":[{\"@type\":\"ListItem\",\"position\":1,\"name\":\"Ev\",\"item\":\"https:\/\/aegeanconsulting.gr\/tr\/home-2\/\"},{\"@type\":\"ListItem\",\"position\":2,\"name\":\"ANASAYFA\"}]},{\"@type\":\"WebSite\",\"@id\":\"https:\/\/aegeanconsulting.gr\/#website\",\"url\":\"https:\/\/aegeanconsulting.gr\/\",\"name\":\"aegeanconsulting.gr\",\"description\":\"Legal and Accounting Services in Greece\",\"publisher\":{\"@id\":\"https:\/\/aegeanconsulting.gr\/#organization\"},\"potentialAction\":[{\"@type\":\"SearchAction\",\"target\":{\"@type\":\"EntryPoint\",\"urlTemplate\":\"https:\/\/aegeanconsulting.gr\/?s={search_term_string}\"},\"query-input\":{\"@type\":\"PropertyValueSpecification\",\"valueRequired\":true,\"valueName\":\"search_term_string\"}}],\"inLanguage\":\"tr\"},{\"@type\":\"Organization\",\"@id\":\"https:\/\/aegeanconsulting.gr\/#organization\",\"name\":\"aegeanconsulting.gr\",\"url\":\"https:\/\/aegeanconsulting.gr\/\",\"logo\":{\"@type\":\"ImageObject\",\"inLanguage\":\"tr\",\"@id\":\"https:\/\/aegeanconsulting.gr\/#\/schema\/logo\/image\/\",\"url\":\"https:\/\/new.aegeanconsulting.gr\/wp-content\/uploads\/2023\/06\/aegean-consulting-logo.svg\",\"contentUrl\":\"https:\/\/new.aegeanconsulting.gr\/wp-content\/uploads\/2023\/06\/aegean-consulting-logo.svg\",\"width\":244,\"height\":81,\"caption\":\"aegeanconsulting.gr\"},\"image\":{\"@id\":\"https:\/\/aegeanconsulting.gr\/#\/schema\/logo\/image\/\"}}]}<\/script>\n<!-- \/ Yoast SEO plugin. -->","yoast_head_json":{"title":"YUNAN\u0130STAN'DA MUHASEBE VE DANI\u015eMANLIK H\u0130ZMETLER\u0130","description":"Yunanistan'da deneyimli ve uzman y\u00f6neticiler taraf\u0131ndan i\u015fletmelere ve bireylere muhasebe ve dan\u0131\u015fmanl\u0131k hizmetleri sa\u011flayan \u015firket","robots":{"index":"noindex","follow":"follow","max-snippet":"max-snippet:-1","max-image-preview":"max-image-preview:large","max-video-preview":"max-video-preview:-1"},"og_locale":"tr_TR","og_type":"article","og_title":"YUNAN\u0130STAN'DA MUHASEBE VE DANI\u015eMANLIK H\u0130ZMETLER\u0130","og_description":"Yunanistan'da deneyimli ve uzman y\u00f6neticiler taraf\u0131ndan i\u015fletmelere ve bireylere muhasebe ve dan\u0131\u015fmanl\u0131k hizmetleri sa\u011flayan \u015firket","og_url":"https:\/\/aegeanconsulting.gr\/tr\/home-2\/","og_site_name":"aegeanconsulting.gr","article_modified_time":"2023-10-02T07:39:30+00:00","og_image":[{"url":"https:\/\/aegeanconsulting.gr\/wp-content\/uploads\/2023\/09\/Group-250.png","type":"","width":"","height":""}],"twitter_misc":{"Est. reading time":"2 minutes"},"schema":{"@context":"https:\/\/schema.org","@graph":[{"@type":"WebPage","@id":"https:\/\/aegeanconsulting.gr\/tr\/home-2\/","url":"https:\/\/aegeanconsulting.gr\/tr\/home-2\/","name":"YUNAN\u0130STAN'DA MUHASEBE VE DANI\u015eMANLIK H\u0130ZMETLER\u0130","isPartOf":{"@id":"https:\/\/aegeanconsulting.gr\/#website"},"primaryImageOfPage":{"@id":"https:\/\/aegeanconsulting.gr\/tr\/home-2\/#primaryimage"},"image":{"@id":"https:\/\/aegeanconsulting.gr\/tr\/home-2\/#primaryimage"},"thumbnailUrl":"https:\/\/new.aegeanconsulting.gr\/wp-content\/uploads\/2023\/09\/Group-250.png","datePublished":"2013-06-05T17:25:19+00:00","dateModified":"2023-10-02T07:39:30+00:00","description":"Yunanistan'da deneyimli ve uzman y\u00f6neticiler taraf\u0131ndan i\u015fletmelere ve bireylere muhasebe ve dan\u0131\u015fmanl\u0131k hizmetleri sa\u011flayan \u015firket","breadcrumb":{"@id":"https:\/\/aegeanconsulting.gr\/tr\/home-2\/#breadcrumb"},"inLanguage":"tr","potentialAction":[{"@type":"ReadAction","target":["https:\/\/aegeanconsulting.gr\/tr\/home-2\/"]}]},{"@type":"ImageObject","inLanguage":"tr","@id":"https:\/\/aegeanconsulting.gr\/tr\/home-2\/#primaryimage","url":"https:\/\/new.aegeanconsulting.gr\/wp-content\/uploads\/2023\/09\/Group-250.png","contentUrl":"https:\/\/new.aegeanconsulting.gr\/wp-content\/uploads\/2023\/09\/Group-250.png"},{"@type":"BreadcrumbList","@id":"https:\/\/aegeanconsulting.gr\/tr\/home-2\/#breadcrumb","itemListElement":[{"@type":"ListItem","position":1,"name":"Ev","item":"https:\/\/aegeanconsulting.gr\/tr\/home-2\/"},{"@type":"ListItem","position":2,"name":"ANASAYFA"}]},{"@type":"WebSite","@id":"https:\/\/aegeanconsulting.gr\/#website","url":"https:\/\/aegeanconsulting.gr\/","name":"aegeanconsulting.gr","description":"Legal and Accounting Services in Greece","publisher":{"@id":"https:\/\/aegeanconsulting.gr\/#organization"},"potentialAction":[{"@type":"SearchAction","target":{"@type":"EntryPoint","urlTemplate":"https:\/\/aegeanconsulting.gr\/?s={search_term_string}"},"query-input":{"@type":"PropertyValueSpecification","valueRequired":true,"valueName":"search_term_string"}}],"inLanguage":"tr"},{"@type":"Organization","@id":"https:\/\/aegeanconsulting.gr\/#organization","name":"aegeanconsulting.gr","url":"https:\/\/aegeanconsulting.gr\/","logo":{"@type":"ImageObject","inLanguage":"tr","@id":"https:\/\/aegeanconsulting.gr\/#\/schema\/logo\/image\/","url":"https:\/\/new.aegeanconsulting.gr\/wp-content\/uploads\/2023\/06\/aegean-consulting-logo.svg","contentUrl":"https:\/\/new.aegeanconsulting.gr\/wp-content\/uploads\/2023\/06\/aegean-consulting-logo.svg","width":244,"height":81,"caption":"aegeanconsulting.gr"},"image":{"@id":"https:\/\/aegeanconsulting.gr\/#\/schema\/logo\/image\/"}}]}},"_links":{"self":[{"href":"https:\/\/new.aegeanconsulting.gr\/tr\/wp-json\/wp\/v2\/pages\/11728","targetHints":{"allow":["GET"]}}],"collection":[{"href":"https:\/\/new.aegeanconsulting.gr\/tr\/wp-json\/wp\/v2\/pages"}],"about":[{"href":"https:\/\/new.aegeanconsulting.gr\/tr\/wp-json\/wp\/v2\/types\/page"}],"author":[{"embeddable":true,"href":"https:\/\/new.aegeanconsulting.gr\/tr\/wp-json\/wp\/v2\/users\/5"}],"replies":[{"embeddable":true,"href":"https:\/\/new.aegeanconsulting.gr\/tr\/wp-json\/wp\/v2\/comments?post=11728"}],"version-history":[{"count":3,"href":"https:\/\/new.aegeanconsulting.gr\/tr\/wp-json\/wp\/v2\/pages\/11728\/revisions"}],"predecessor-version":[{"id":17165,"href":"https:\/\/new.aegeanconsulting.gr\/tr\/wp-json\/wp\/v2\/pages\/11728\/revisions\/17165"}],"wp:attachment":[{"href":"https:\/\/new.aegeanconsulting.gr\/tr\/wp-json\/wp\/v2\/media?parent=11728"}],"curies":[{"name":"wp","href":"https:\/\/api.w.org\/{rel}","templated":true}]}}