{"id":11773,"date":"2021-03-08T10:41:37","date_gmt":"2021-03-08T07:41:37","guid":{"rendered":"https:\/\/aegeanconsulting.gr\/?page_id=11773"},"modified":"2021-03-08T10:41:37","modified_gmt":"2021-03-08T07:41:37","slug":"bordro-yonetim-hizmetleri-payroll-oursourcing","status":"publish","type":"page","link":"https:\/\/new.aegeanconsulting.gr\/tr\/logistikes\/bordro-yonetim-hizmetleri-payroll-oursourcing\/","title":{"rendered":"Bordro Y\u00f6netim Hizmetleri &#8211; Payroll Oursourcing"},"content":{"rendered":"<p>[vc_row row_type=&#8221;row&#8221; use_row_as_full_screen_section=&#8221;no&#8221; type=&#8221;full_width&#8221; angled_section=&#8221;no&#8221; text_align=&#8221;left&#8221; background_image_as_pattern=&#8221;without_pattern&#8221; css_animation=&#8221;&#8221;][vc_column][vc_empty_space][\/vc_column][\/vc_row][vc_row row_type=&#8221;row&#8221; use_row_as_full_screen_section=&#8221;no&#8221; type=&#8221;grid&#8221; angled_section=&#8221;no&#8221; text_align=&#8221;left&#8221; background_image_as_pattern=&#8221;without_pattern&#8221; css_animation=&#8221;&#8221; z_index=&#8221;&#8221;][vc_column width=&#8221;2\/3&#8243;][vc_column_text]Aegean Consulting, bordro hesaplamas\u0131n\u0131 ve her b\u00fcy\u00fckl\u00fckteki \u015firket i\u00e7in bordro ile ilgili t\u00fcm i\u015fleri _sorumlu ve g\u00fcvenilir bir \u015fekilde_ \u00fcstlenebilen bir bordro departman\u0131na sahiptir. \u00c7al\u0131\u015fan say\u0131s\u0131 ne olursa olsun t\u00fcm \u015firketlerin ihtiya\u00e7lar\u0131n\u0131 kar\u015f\u0131layan tamamen bilgisayarl\u0131 bordro hizmetleri sunuyoruz.<\/p>\n<p>B\u00fct\u00fcn istihdam t\u00fcrlerinin bilincinde olarak, giri\u015fimcinin \u015firketine hizmet etmek i\u00e7in do\u011fru istihdam t\u00fcr\u00fc ve \u015fekli se\u00e7iminde rehberlik ederiz. Y\u00f6nlendirmelerimiz, her i\u015fletmenin ihtiya\u00e7lar\u0131na g\u00f6re uyarlanm\u0131\u015f yasal, verimli \/uygun maliyetli bir istihdam \u00e7\u00f6z\u00fcm\u00fc sunar.<\/p>\n<p>\u015eirketlerin &#8211; fonlar\u0131n\u0131 korumak, personel pozisyonlar\u0131n\u0131 s\u00fcrd\u00fcrmek ve \u015firketin daha da geli\u015ftirilmesi gibi kriterlerle -s\u00fcbvansiyonlu istihdam programlar\u0131na dahil edilmesini \u00f6neriyoruz. Bordro alan\u0131ndaki m\u00fckemmel bilgisayar deste\u011fi, hatalardan, ihmallerden ka\u00e7\u0131nmak ve do\u011fru hesaplama t\u00fcrlerinin uygulanmas\u0131 i\u00e7in gerekli t\u00fcm ara\u00e7lar\u0131 sunar.<\/p>\n<p>Bilgisayarl\u0131 bordro sistemimiz, bordro ihtiya\u00e7lar\u0131 i\u00e7in gerekli t\u00fcm belgelerin \u00e7\u0131kt\u0131lar\u0131n\u0131 alarak \u015firketin ve \u00e7al\u0131\u015fan\u0131n yasal kayd\u0131n\u0131 kolayla\u015ft\u0131r\u0131r. Son olarak, \u015eirketimiz nas\u0131l \u00f6deme yap\u0131laca\u011f\u0131, te\u015fvikler yarat\u0131laca\u011f\u0131 ve her i\u015fletmenin ihtiya\u00e7lar\u0131na g\u00f6re \u00f6zel bir \u00e7al\u0131\u015fma plan\u0131 tasarlanaca\u011f\u0131 konusunda insan kaynaklar\u0131 y\u00f6netimi konular\u0131nda dan\u0131\u015fmanl\u0131k sunmaktad\u0131r.<\/p>\n<p><strong>Bordro Y\u00f6netim Hizmetleri<\/strong><\/p>\n<ul class=\"square\">\n<li>Bordro hesaplamas\u0131 ve gerekli t\u00fcm verilerin i\u015flenmesi<\/li>\n<li>Firman\u0131n ihtiya\u00e7 ve gereksinimlerine g\u00f6re bordro maliyet analizi<\/li>\n<li>Gerekli t\u00fcm ayl\u0131k maa\u015f beyannamelerinin ve \u00e7al\u0131\u015fanlar\u0131n bireysel makbuzlar\u0131n\u0131n elektronik veya bas\u0131l\u0131 olarak bas\u0131m\u0131<\/li>\n<li>\u015eirketin muhasebe defterlerinin do\u011fru g\u00fcncellenmesi i\u00e7in muhasebe madderinin olu\u015fturulmas\u0131<\/li>\n<li>\u00c7al\u0131\u015fanlar\u0131n bireysel hesaplar\u0131na maa\u015f yat\u0131r\u0131lmas\u0131 i\u00e7in gerekli banka kay\u0131tlar\u0131n\u0131n olu\u015fturulmas\u0131<\/li>\n<li>\u0130\u015f kanunun gereklerine uygun olarak gerekli t\u00fcm formlar\u0131n \u00c7al\u0131\u015fma Tefti\u015fine sunulmas\u0131<\/li>\n<li>T\u00fcm i\u015fe al\u0131mlar\u0131n, i\u015ften \u00e7\u0131karmalar\u0131n ve de\u011fi\u015fikliklerin OAED&#8217;e (\u0130\u015f G\u00fcc\u00fc \u0130stihdam Kurumuna) sunulmas\u0131<\/li>\n<li>Toplu \u0130\u015f S\u00f6zle\u015fmelerine uyum ve i\u015f hukukuna g\u00f6re de\u011fi\u015fikliklere uyum<\/li>\n<li>Maa\u015f sertifikalar\u0131n\u0131n d\u00fczenlenmesi ve kurumsal \u00f6deneklerin uyumla\u015ft\u0131r\u0131lmas\u0131<\/li>\n<li>Ayr\u0131nt\u0131l\u0131 Periyodik Tablolar\u0131n internet \u00fczerinden derlenmesi ve IKA (SSK)&#8217;ya iletilmesi<\/li>\n<li>Di\u011fer ana ve yard\u0131mc\u0131 sigorta fonlar\u0131n\u0131n t\u00fcm katk\u0131 paylar\u0131n\u0131n haz\u0131rlanmas\u0131<\/li>\n<li>T\u00fcm sigorta fonlar\u0131n\u0131n ayl\u0131k katk\u0131 pay\u0131 \u00f6demeleri<\/li>\n<li>Sigorta bilgilerinin verilmesi<\/li>\n<li>\u015eirkette \u00e7al\u0131\u015fanlar\u0131n ilk istihdam ba\u015flang\u0131c\u0131nda IKA (SSK)&#8217;ya envanterinin sunulmas\u0131<\/li>\n<\/ul>\n<p><strong>Bordro Kontrol\u00fc<\/strong><\/p>\n<p>A\u015fa\u011f\u0131dakileri sa\u011flamak i\u00e7in bordro kontrol\u00fc yap\u0131yoruz:<\/p>\n<ul class=\"square\">\n<li>Bordro departman\u0131n\u0131n organizasyonu<\/li>\n<li>Sigorta kesintilerinin ve Bordro Vergisinin hesaplanmas\u0131<\/li>\n<li>\u0130\u015f hukuku uyar\u0131nca bireysel i\u015f s\u00f6zle\u015fmeleri<\/li>\n<li>\u00d6ng\u00f6r\u00fclen \u00fccret ve maa\u015f s\u0131n\u0131rlar\u0131na ve toplu i\u015f s\u00f6zle\u015fmesi s\u00f6zle\u015fmelerinin di\u011fer y\u00fck\u00fcml\u00fcl\u00fcklerine uyulmas\u0131<\/li>\n<li>\u00d6denekler, ek \u00fccretler, \u00e7al\u0131\u015fma saatleri ve fazla mesai h\u00fck\u00fcmlerine uygunluk.<\/li>\n<\/ul>\n<p><strong>\u0130nsan kaynaklar\u0131 departmanlar\u0131n\u0131n idari deste\u011fi<\/strong><\/p>\n<p>\u0130nsan kaynaklar\u0131 departmanlar\u0131n\u0131 a\u015fa\u011f\u0131daki konularda idari olarak destekliyoruz:<\/p>\n<ul class=\"square\">\n<li>\u0130zinler ve hastal\u0131k y\u00f6netimi<\/li>\n<li>Yoklama y\u00f6netimi ve vardiya de\u011fi\u015fimleri<\/li>\n<li>Bordro b\u00fct\u00e7e maliyetlerinin haz\u0131rlanmas\u0131<\/li>\n<\/ul>\n<p><strong>Hizmetlerimizin hitap etti\u011fi i\u015fletme dallar\u0131<\/strong><\/p>\n<p>\u00d6rnek olarak a\u015fa\u011f\u0131dakileri verebiliriz:<\/p>\n<ul>\n<li>\u0130n\u015faat, Yap\u0131, M\u00fcteahhitlik \u015firketleri<\/li>\n<li>Sanayi, Zanaat i\u015fletmeleri<\/li>\n<li>G\u00fczellik salonlar\u0131, Spor salonlar\u0131 ve zay\u0131flama merkezleri<\/li>\n<li>Tan\u0131 merkezleri, Klinikler, Bak\u0131m evleri<\/li>\n<li>Yay\u0131n \u015firketleri<\/li>\n<li>Ticari i\u015fletmeler<\/li>\n<li>\u0130thalat, \u0130hracat firmalar\u0131<\/li>\n<li>Bili\u015fim \u015eirketleri<\/li>\n<li>Servis sa\u011flay\u0131c\u0131lar\u0131<\/li>\n<li>Eczaneler<\/li>\n<li>Klinikler<\/li>\n<li>Catering i\u015fletmeleri (restoranlar, kafeler, barlar, gece kul\u00fcpleri vb.)<\/li>\n<li>Otel i\u015fletmeleri (oteller, turistik konaklama yerleri ve b\u00fcy\u00fckl\u00fc\u011f\u00fc ne olursa olsun kiralanacak odalar)<\/li>\n<li>Turistik i\u015fletmeler<\/li>\n<\/ul>\n<p><strong>Bordro konusunda d\u0131\u015f kaynak kullanman\u0131n avantajlar\u0131 ve faydalar\u0131<\/strong><\/p>\n<p>D\u0131\u015f kaynak kullan\u0131m\u0131, \u015firkete maliyetleri \u00f6nemli \u00f6l\u00e7\u00fcde d\u00fc\u015f\u00fcrerek rekabet avantaj\u0131 sa\u011flar. Bir i\u015fletmenin d\u0131\u015f kaynak (outsourcing) kullanmas\u0131n\u0131n faydalar\u0131 \u00e7oktur. \u00d6rne\u011fin:<\/p>\n<p>1) \u0130\u015f ve sigorta hukukundan kaynaklanan y\u00fck\u00fcml\u00fcl\u00fckler s\u00fcrekli artmakta, bordro hesaplama ve elektronik bildirimler bir yandan y\u00fcksek para cezas\u0131 riski ta\u015f\u0131yan, di\u011fer yandan da, bilgi ve tecr\u00fcbe sahibi uzman \u00e7al\u0131\u015fanlar\u0131n i\u015fe al\u0131nmas\u0131n\u0131 gerektiren zaman al\u0131c\u0131 s\u00fcre\u00e7lerdir.<br \/>\n2) Bordro \u00e7al\u0131\u015fanlar\u0131 i\u00e7in bordro maliyetlerini d\u00fc\u015f\u00fcrmenin yan\u0131 s\u0131ra PC (donan\u0131m) ve software (yaz\u0131l\u0131m) sat\u0131n alma ve deste\u011fini \u00f6nleyerek sermaye tasarrufu.<br \/>\n3) Yer a\u00e7mak, sabit k\u0131ymetleri ve i\u015f pozisyonlar\u0131n\u0131 azaltmak<br \/>\n4) Geli\u015ftirme a\u015famas\u0131nda olan i\u015fletmeler, daha sonra geli\u015fmeleri s\u0131ras\u0131nda, a\u015f\u0131r\u0131 y\u00fcksek tutarlar \u00f6demeye gerek kalmadan \u015firketimizden y\u00fcksek kalitede tavsiye ve hizmet al\u0131rlar.<\/p>\n<p><strong>Y\u00fcksek d\u00fczeyde bordro hizmetleri<\/strong><\/p>\n<p>M\u00fc\u015fterilerimize, bordro alan\u0131nda son derece uzmanla\u015fm\u0131\u015f bordro hizmetleri sunarak destek sa\u011fl\u0131yoruz. Ba\u015far\u0131, y\u00f6neticilerimizin maa\u015f bordrosu alan\u0131ndaki uzun y\u0131llara dayanan deneyimleri ve bordro departman\u0131n\u0131n altyap\u0131s\u0131ndan kaynaklanmaktad\u0131r. Ay bittikten hemen sonra, bize ihtiyac\u0131n\u0131z oldu\u011funda e-mail veya telefon yoluyla an\u0131nda destek sa\u011fl\u0131yoruz.<\/p>\n<div id=\"delugesiphon-modal-gabdloknkpdefdpkkibplcfnkngbidim\">\n<p>MUHASEBE H\u0130ZMETLER\u0130<\/p>\n<p>\u0130\u015eLETME DEFTERLER\u0130N\u0130 TUTMAK<\/p>\n<p>VERG\u0130 BEYANNAMELER\u0130<\/p>\n<p>VERG\u0130 DESTE\u011e\u0130<\/p>\n<p>BORDRO H\u0130ZMETLER\u0130<\/p>\n<p>YURT DI\u015eI MUK\u0130MLER\u0130 \u0130\u00c7\u0130N H\u0130ZMETLER<\/p>\n<p>TEK \u015eAHISLI SERMAYE (I.K.E.) \u015e\u0130RKETLER\u0130N\u0130N KURULMASI<\/p>\n<p>NEPA &#8211; E\u011eLENCE AMA\u00c7LI TEKNELER\u0130N KURULMASI<\/p>\n<p>DEN\u0130ZC\u0130L\u0130K \u015e\u0130RKETLER\u0130 MUHASEBES\u0130 H\u0130ZMETLER\u0130<\/p>\n<p>DEN\u0130ZC\u0130L\u0130K \u015e\u0130RKETLER\u0130 BORDROSU<\/p>\n<p>MUHASEBE DENET\u0130M\u0130<\/p>\n<p>DI\u015e KAYNAK KULLANIMI &#8211; OUTSOURCING<\/p>\n<p>GEZ\u0130 TEKNELER\u0130 MUHASEBE H\u0130ZMETLER\u0130<\/p>\n<\/div>\n<p>[\/vc_column_text][\/vc_column][vc_column width=&#8221;1\/3&#8243;][vc_widget_sidebar sidebar_id=&#8221;Logistika&#8221;][\/vc_column][\/vc_row][vc_row row_type=&#8221;row&#8221; use_row_as_full_screen_section=&#8221;yes&#8221; type=&#8221;full_width&#8221; in_content_menu=&#8221;in_content_menu&#8221; content_menu_icon=&#8221;&#8221; angled_section=&#8221;no&#8221; text_align=&#8221;left&#8221; background_image_as_pattern=&#8221;without_pattern&#8221; css_animation=&#8221;&#8221; css=&#8221;.vc_custom_1525434373015{background-color: #f5f5f5 !important;}&#8221; z_index=&#8221;&#8221;][vc_column][action full_width=&#8221;no&#8221; type=&#8221;normal&#8221; text_font_weight=&#8221;500&#8243; show_button=&#8221;yes&#8221; button_size=&#8221;large&#8221; background_color=&#8221;#f5f5f5&#8243; button_text=&#8221;\u03a0\u0391\u03a4\u0397\u03a3\u03a4\u0395 \u0395\u0394\u03a9&#8221; button_link=&#8221;\/epikoinwnia\/&#8221; button_text_color=&#8221;#ffffff&#8221; button_hover_text_color=&#8221;#e8e8e8&#8243; button_background_color=&#8221;#3768af&#8221; button_hover_background_color=&#8221;#000000&#8243;]<span style=\"color: #3e4042;\"><strong>\u039c\u03c0\u03bf\u03c1\u03bf\u03cd\u03bc\u03b5 \u03bd\u03b1 \u03b2\u03bf\u03b7\u03b8\u03ae\u03c3\u03bf\u03c5\u03bc\u03b5 ;<\/strong><br \/>\n\u0395\u03c0\u03b9\u03ba\u03bf\u03b9\u03bd\u03c9\u03bd\u03ae\u03c3\u03c4\u03b5 \u03bc\u03b1\u03b6\u03af \u03bc\u03b1\u03c2 \u03c3\u03ae\u03bc\u03b5\u03c1\u03b1 \u03b3\u03b9\u03b1 \u03bf\u03c0\u03bf\u03b9\u03bf\u03b4\u03ae\u03c0\u03bf\u03c4\u03b5 \u03b6\u03ae\u03c4\u03b7\u03bc\u03ac \u03c3\u03b1\u03c2.<\/span>[\/action][\/vc_column][\/vc_row][vc_row row_type=&#8221;row&#8221; use_row_as_full_screen_section=&#8221;no&#8221; type=&#8221;full_width&#8221; angled_section=&#8221;no&#8221; text_align=&#8221;left&#8221; background_image_as_pattern=&#8221;without_pattern&#8221; css_animation=&#8221;&#8221;][vc_column][vc_column_text]<\/p>\n<div id=\"delugesiphon-modal-gabdloknkpdefdpkkibplcfnkngbidim\"><\/div>\n<div id=\"delugesiphon-modal-gabdloknkpdefdpkkibplcfnkngbidim\"><\/div>\n<p>[\/vc_column_text][\/vc_column][\/vc_row]<\/p>\n","protected":false},"excerpt":{"rendered":"<p>[vc_row row_type=&#8221;row&#8221; use_row_as_full_screen_section=&#8221;no&#8221; type=&#8221;full_width&#8221; angled_section=&#8221;no&#8221; text_align=&#8221;left&#8221; background_image_as_pattern=&#8221;without_pattern&#8221; css_animation=&#8221;&#8221;][vc_column][vc_empty_space][\/vc_column][\/vc_row][vc_row row_type=&#8221;row&#8221; use_row_as_full_screen_section=&#8221;no&#8221; type=&#8221;grid&#8221; angled_section=&#8221;no&#8221; text_align=&#8221;left&#8221; background_image_as_pattern=&#8221;without_pattern&#8221; css_animation=&#8221;&#8221; z_index=&#8221;&#8221;][vc_column width=&#8221;2\/3&#8243;][vc_column_text]Aegean Consulting, bordro hesaplamas\u0131n\u0131 ve her b\u00fcy\u00fckl\u00fckteki \u015firket i\u00e7in bordro ile ilgili t\u00fcm i\u015fleri _sorumlu ve g\u00fcvenilir bir \u015fekilde_ \u00fcstlenebilen bir bordro departman\u0131na sahiptir. \u00c7al\u0131\u015fan say\u0131s\u0131 ne olursa olsun t\u00fcm \u015firketlerin ihtiya\u00e7lar\u0131n\u0131 kar\u015f\u0131layan tamamen bilgisayarl\u0131 bordro hizmetleri sunuyoruz. B\u00fct\u00fcn [&hellip;]<\/p>\n","protected":false},"author":21,"featured_media":0,"parent":16721,"menu_order":4,"comment_status":"closed","ping_status":"closed","template":"","meta":{"footnotes":""},"class_list":["post-11773","page","type-page","status-publish","hentry"],"yoast_head":"<!-- This site is optimized with the Yoast SEO plugin v26.5 - https:\/\/yoast.com\/wordpress\/plugins\/seo\/ -->\n<title>Bordro Y\u00f6netim Hizmetleri - Payroll Oursourcing | aegeanconsulting.gr<\/title>\n<meta name=\"robots\" content=\"noindex, follow, max-snippet:-1, max-image-preview:large, max-video-preview:-1\" \/>\n<meta property=\"og:locale\" content=\"tr_TR\" \/>\n<meta property=\"og:type\" content=\"article\" \/>\n<meta property=\"og:title\" content=\"Bordro Y\u00f6netim Hizmetleri - Payroll Oursourcing | aegeanconsulting.gr\" \/>\n<meta property=\"og:description\" content=\"[vc_row row_type=&#8221;row&#8221; use_row_as_full_screen_section=&#8221;no&#8221; type=&#8221;full_width&#8221; angled_section=&#8221;no&#8221; text_align=&#8221;left&#8221; background_image_as_pattern=&#8221;without_pattern&#8221; css_animation=&#8221;&#8221;][vc_column][vc_empty_space][\/vc_column][\/vc_row][vc_row row_type=&#8221;row&#8221; use_row_as_full_screen_section=&#8221;no&#8221; type=&#8221;grid&#8221; angled_section=&#8221;no&#8221; text_align=&#8221;left&#8221; background_image_as_pattern=&#8221;without_pattern&#8221; css_animation=&#8221;&#8221; z_index=&#8221;&#8221;][vc_column width=&#8221;2\/3&#8243;][vc_column_text]Aegean Consulting, bordro hesaplamas\u0131n\u0131 ve her b\u00fcy\u00fckl\u00fckteki \u015firket i\u00e7in bordro ile ilgili t\u00fcm i\u015fleri _sorumlu ve g\u00fcvenilir bir \u015fekilde_ \u00fcstlenebilen bir bordro departman\u0131na sahiptir. \u00c7al\u0131\u015fan say\u0131s\u0131 ne olursa olsun t\u00fcm \u015firketlerin ihtiya\u00e7lar\u0131n\u0131 kar\u015f\u0131layan tamamen bilgisayarl\u0131 bordro hizmetleri sunuyoruz. B\u00fct\u00fcn [&hellip;]\" \/>\n<meta property=\"og:url\" content=\"https:\/\/aegeanconsulting.gr\/tr\/muhasebe-konulari__trashed\/bordro-yonetim-hizmetleri-payroll-oursourcing\/\" \/>\n<meta property=\"og:site_name\" content=\"aegeanconsulting.gr\" \/>\n<meta name=\"twitter:label1\" content=\"Est. reading time\" \/>\n\t<meta name=\"twitter:data1\" content=\"6 minutes\" \/>\n<script type=\"application\/ld+json\" class=\"yoast-schema-graph\">{\"@context\":\"https:\/\/schema.org\",\"@graph\":[{\"@type\":\"WebPage\",\"@id\":\"https:\/\/aegeanconsulting.gr\/tr\/muhasebe-konulari__trashed\/bordro-yonetim-hizmetleri-payroll-oursourcing\/\",\"url\":\"https:\/\/aegeanconsulting.gr\/tr\/muhasebe-konulari__trashed\/bordro-yonetim-hizmetleri-payroll-oursourcing\/\",\"name\":\"Bordro Y\u00f6netim Hizmetleri - Payroll Oursourcing | aegeanconsulting.gr\",\"isPartOf\":{\"@id\":\"https:\/\/aegeanconsulting.gr\/#website\"},\"datePublished\":\"2021-03-08T07:41:37+00:00\",\"breadcrumb\":{\"@id\":\"https:\/\/aegeanconsulting.gr\/tr\/muhasebe-konulari__trashed\/bordro-yonetim-hizmetleri-payroll-oursourcing\/#breadcrumb\"},\"inLanguage\":\"tr\",\"potentialAction\":[{\"@type\":\"ReadAction\",\"target\":[\"https:\/\/aegeanconsulting.gr\/tr\/muhasebe-konulari__trashed\/bordro-yonetim-hizmetleri-payroll-oursourcing\/\"]}]},{\"@type\":\"BreadcrumbList\",\"@id\":\"https:\/\/aegeanconsulting.gr\/tr\/muhasebe-konulari__trashed\/bordro-yonetim-hizmetleri-payroll-oursourcing\/#breadcrumb\",\"itemListElement\":[{\"@type\":\"ListItem\",\"position\":1,\"name\":\"Ev\",\"item\":\"https:\/\/aegeanconsulting.gr\/tr\/home-2\/\"},{\"@type\":\"ListItem\",\"position\":2,\"name\":\"Bordro Y\u00f6netim Hizmetleri &#8211; Payroll Oursourcing\"}]},{\"@type\":\"WebSite\",\"@id\":\"https:\/\/aegeanconsulting.gr\/#website\",\"url\":\"https:\/\/aegeanconsulting.gr\/\",\"name\":\"aegeanconsulting.gr\",\"description\":\"Legal and Accounting Services in Greece\",\"publisher\":{\"@id\":\"https:\/\/aegeanconsulting.gr\/#organization\"},\"potentialAction\":[{\"@type\":\"SearchAction\",\"target\":{\"@type\":\"EntryPoint\",\"urlTemplate\":\"https:\/\/aegeanconsulting.gr\/?s={search_term_string}\"},\"query-input\":{\"@type\":\"PropertyValueSpecification\",\"valueRequired\":true,\"valueName\":\"search_term_string\"}}],\"inLanguage\":\"tr\"},{\"@type\":\"Organization\",\"@id\":\"https:\/\/aegeanconsulting.gr\/#organization\",\"name\":\"aegeanconsulting.gr\",\"url\":\"https:\/\/aegeanconsulting.gr\/\",\"logo\":{\"@type\":\"ImageObject\",\"inLanguage\":\"tr\",\"@id\":\"https:\/\/aegeanconsulting.gr\/#\/schema\/logo\/image\/\",\"url\":\"https:\/\/new.aegeanconsulting.gr\/wp-content\/uploads\/2023\/06\/aegean-consulting-logo.svg\",\"contentUrl\":\"https:\/\/new.aegeanconsulting.gr\/wp-content\/uploads\/2023\/06\/aegean-consulting-logo.svg\",\"width\":244,\"height\":81,\"caption\":\"aegeanconsulting.gr\"},\"image\":{\"@id\":\"https:\/\/aegeanconsulting.gr\/#\/schema\/logo\/image\/\"}}]}<\/script>\n<!-- \/ Yoast SEO plugin. -->","yoast_head_json":{"title":"Bordro Y\u00f6netim Hizmetleri - Payroll Oursourcing | aegeanconsulting.gr","robots":{"index":"noindex","follow":"follow","max-snippet":"max-snippet:-1","max-image-preview":"max-image-preview:large","max-video-preview":"max-video-preview:-1"},"og_locale":"tr_TR","og_type":"article","og_title":"Bordro Y\u00f6netim Hizmetleri - Payroll Oursourcing | aegeanconsulting.gr","og_description":"[vc_row row_type=&#8221;row&#8221; use_row_as_full_screen_section=&#8221;no&#8221; type=&#8221;full_width&#8221; angled_section=&#8221;no&#8221; text_align=&#8221;left&#8221; background_image_as_pattern=&#8221;without_pattern&#8221; css_animation=&#8221;&#8221;][vc_column][vc_empty_space][\/vc_column][\/vc_row][vc_row row_type=&#8221;row&#8221; use_row_as_full_screen_section=&#8221;no&#8221; type=&#8221;grid&#8221; angled_section=&#8221;no&#8221; text_align=&#8221;left&#8221; background_image_as_pattern=&#8221;without_pattern&#8221; css_animation=&#8221;&#8221; z_index=&#8221;&#8221;][vc_column width=&#8221;2\/3&#8243;][vc_column_text]Aegean Consulting, bordro hesaplamas\u0131n\u0131 ve her b\u00fcy\u00fckl\u00fckteki \u015firket i\u00e7in bordro ile ilgili t\u00fcm i\u015fleri _sorumlu ve g\u00fcvenilir bir \u015fekilde_ \u00fcstlenebilen bir bordro departman\u0131na sahiptir. \u00c7al\u0131\u015fan say\u0131s\u0131 ne olursa olsun t\u00fcm \u015firketlerin ihtiya\u00e7lar\u0131n\u0131 kar\u015f\u0131layan tamamen bilgisayarl\u0131 bordro hizmetleri sunuyoruz. B\u00fct\u00fcn [&hellip;]","og_url":"https:\/\/aegeanconsulting.gr\/tr\/muhasebe-konulari__trashed\/bordro-yonetim-hizmetleri-payroll-oursourcing\/","og_site_name":"aegeanconsulting.gr","twitter_misc":{"Est. reading time":"6 minutes"},"schema":{"@context":"https:\/\/schema.org","@graph":[{"@type":"WebPage","@id":"https:\/\/aegeanconsulting.gr\/tr\/muhasebe-konulari__trashed\/bordro-yonetim-hizmetleri-payroll-oursourcing\/","url":"https:\/\/aegeanconsulting.gr\/tr\/muhasebe-konulari__trashed\/bordro-yonetim-hizmetleri-payroll-oursourcing\/","name":"Bordro Y\u00f6netim Hizmetleri - Payroll Oursourcing | aegeanconsulting.gr","isPartOf":{"@id":"https:\/\/aegeanconsulting.gr\/#website"},"datePublished":"2021-03-08T07:41:37+00:00","breadcrumb":{"@id":"https:\/\/aegeanconsulting.gr\/tr\/muhasebe-konulari__trashed\/bordro-yonetim-hizmetleri-payroll-oursourcing\/#breadcrumb"},"inLanguage":"tr","potentialAction":[{"@type":"ReadAction","target":["https:\/\/aegeanconsulting.gr\/tr\/muhasebe-konulari__trashed\/bordro-yonetim-hizmetleri-payroll-oursourcing\/"]}]},{"@type":"BreadcrumbList","@id":"https:\/\/aegeanconsulting.gr\/tr\/muhasebe-konulari__trashed\/bordro-yonetim-hizmetleri-payroll-oursourcing\/#breadcrumb","itemListElement":[{"@type":"ListItem","position":1,"name":"Ev","item":"https:\/\/aegeanconsulting.gr\/tr\/home-2\/"},{"@type":"ListItem","position":2,"name":"Bordro Y\u00f6netim Hizmetleri &#8211; Payroll Oursourcing"}]},{"@type":"WebSite","@id":"https:\/\/aegeanconsulting.gr\/#website","url":"https:\/\/aegeanconsulting.gr\/","name":"aegeanconsulting.gr","description":"Legal and Accounting Services in Greece","publisher":{"@id":"https:\/\/aegeanconsulting.gr\/#organization"},"potentialAction":[{"@type":"SearchAction","target":{"@type":"EntryPoint","urlTemplate":"https:\/\/aegeanconsulting.gr\/?s={search_term_string}"},"query-input":{"@type":"PropertyValueSpecification","valueRequired":true,"valueName":"search_term_string"}}],"inLanguage":"tr"},{"@type":"Organization","@id":"https:\/\/aegeanconsulting.gr\/#organization","name":"aegeanconsulting.gr","url":"https:\/\/aegeanconsulting.gr\/","logo":{"@type":"ImageObject","inLanguage":"tr","@id":"https:\/\/aegeanconsulting.gr\/#\/schema\/logo\/image\/","url":"https:\/\/new.aegeanconsulting.gr\/wp-content\/uploads\/2023\/06\/aegean-consulting-logo.svg","contentUrl":"https:\/\/new.aegeanconsulting.gr\/wp-content\/uploads\/2023\/06\/aegean-consulting-logo.svg","width":244,"height":81,"caption":"aegeanconsulting.gr"},"image":{"@id":"https:\/\/aegeanconsulting.gr\/#\/schema\/logo\/image\/"}}]}},"_links":{"self":[{"href":"https:\/\/new.aegeanconsulting.gr\/tr\/wp-json\/wp\/v2\/pages\/11773","targetHints":{"allow":["GET"]}}],"collection":[{"href":"https:\/\/new.aegeanconsulting.gr\/tr\/wp-json\/wp\/v2\/pages"}],"about":[{"href":"https:\/\/new.aegeanconsulting.gr\/tr\/wp-json\/wp\/v2\/types\/page"}],"author":[{"embeddable":true,"href":"https:\/\/new.aegeanconsulting.gr\/tr\/wp-json\/wp\/v2\/users\/21"}],"replies":[{"embeddable":true,"href":"https:\/\/new.aegeanconsulting.gr\/tr\/wp-json\/wp\/v2\/comments?post=11773"}],"version-history":[{"count":0,"href":"https:\/\/new.aegeanconsulting.gr\/tr\/wp-json\/wp\/v2\/pages\/11773\/revisions"}],"up":[{"embeddable":true,"href":"https:\/\/new.aegeanconsulting.gr\/tr\/wp-json\/wp\/v2\/pages\/16721"}],"wp:attachment":[{"href":"https:\/\/new.aegeanconsulting.gr\/tr\/wp-json\/wp\/v2\/media?parent=11773"}],"curies":[{"name":"wp","href":"https:\/\/api.w.org\/{rel}","templated":true}]}}