{"id":16705,"date":"2023-09-28T14:15:06","date_gmt":"2023-09-28T11:15:06","guid":{"rendered":"https:\/\/aegeanconsulting.gr\/%cf%80%ce%bf%ce%b9%ce%bf%ce%b9-%ce%b5%ce%af%ce%bc%ce%b1%cf%83%cf%84%ce%b5\/"},"modified":"2023-09-29T10:33:04","modified_gmt":"2023-09-29T07:33:04","slug":"profil","status":"publish","type":"page","link":"https:\/\/new.aegeanconsulting.gr\/tr\/profil\/","title":{"rendered":"B\u0130Z K\u0130M\u0130Z"},"content":{"rendered":"\t\t<div data-elementor-type=\"wp-page\" data-elementor-id=\"16705\" class=\"elementor elementor-16705 elementor-6999\" data-elementor-post-type=\"page\">\n\t\t\t\t\t\t<section class=\"elementor-section elementor-top-section elementor-element elementor-element-f8808ad elementor-section-height-min-height elementor-section-items-top elementor-section-boxed elementor-section-height-default\" data-id=\"f8808ad\" data-element_type=\"section\" data-settings=\"{&quot;background_background&quot;:&quot;classic&quot;}\">\n\t\t\t\t\t\t<div class=\"elementor-container elementor-column-gap-default\">\n\t\t\t\t\t<div class=\"elementor-column elementor-col-100 elementor-top-column elementor-element elementor-element-4151634\" data-id=\"4151634\" data-element_type=\"column\">\n\t\t\t<div class=\"elementor-widget-wrap elementor-element-populated\">\n\t\t\t\t\t\t<section class=\"elementor-section elementor-inner-section elementor-element elementor-element-9fc8a74 elementor-section-boxed elementor-section-height-default elementor-section-height-default\" data-id=\"9fc8a74\" data-element_type=\"section\">\n\t\t\t\t\t\t<div class=\"elementor-container elementor-column-gap-default\">\n\t\t\t\t\t<div class=\"elementor-column elementor-col-50 elementor-inner-column elementor-element elementor-element-793b411\" data-id=\"793b411\" data-element_type=\"column\">\n\t\t\t<div class=\"elementor-widget-wrap elementor-element-populated\">\n\t\t\t\t\t\t<div class=\"elementor-element elementor-element-7d3d204 elementor-widget elementor-widget-heading\" data-id=\"7d3d204\" data-element_type=\"widget\" data-widget_type=\"heading.default\">\n\t\t\t\t<div class=\"elementor-widget-container\">\n\t\t\t\t\t<div class=\"elementor-heading-title elementor-size-default\">HO\u015e GELD\u0130N<\/div>\t\t\t\t<\/div>\n\t\t\t\t<\/div>\n\t\t\t\t<div class=\"elementor-element elementor-element-543ba9e elementor-widget elementor-widget-heading\" data-id=\"543ba9e\" data-element_type=\"widget\" data-widget_type=\"heading.default\">\n\t\t\t\t<div class=\"elementor-widget-container\">\n\t\t\t\t\t<h1 class=\"elementor-heading-title elementor-size-default\">Aegean Consulting Group , modern giri\u015fimcinin t\u00fcm ihtiya\u00e7lar\u0131n\u0131 kar\u015f\u0131lamay\u0131 ama\u00e7layan bir kurulu\u015ftur.<\/h1>\t\t\t\t<\/div>\n\t\t\t\t<\/div>\n\t\t\t\t<div class=\"elementor-element elementor-element-a6b554a elementor-widget elementor-widget-text-editor\" data-id=\"a6b554a\" data-element_type=\"widget\" data-widget_type=\"text-editor.default\">\n\t\t\t\t<div class=\"elementor-widget-container\">\n\t\t\t\t\t\t\t\t\t<div class=\"wpb_text_column wpb_content_element \"><div class=\"wpb_wrapper\"><p>\u015eirketin kurulmas\u0131 ve do\u011fru kurumsal formun se\u00e7ilmesinden ba\u015flay\u0131p, muhasebe departman\u0131 ve bordro departman\u0131n\u0131n organizasyonuna kadar ilerleyerek i\u015fin geli\u015fimi ve evrimi i\u00e7in dan\u0131\u015fmanl\u0131k k\u0131sm\u0131yla sona ermektedir.<\/p><p>&#8220;Toplam \u0130\u015f&#8221; paketi, her giri\u015fimcinin \u00f6zel ihtiya\u00e7lar\u0131na g\u00f6re uygun kurumsal yap\u0131y\u0131 ve gerekli vergi planlamas\u0131n\u0131 \u00f6nererek, \u00e7e\u015fitli sekt\u00f6rlerdeki uzmanl\u0131k bilgisine dan\u0131\u015fmanl\u0131k sunar.<\/p><p>Program, hukuk dan\u0131\u015fmanlar\u0131, sertifikal\u0131 muhasebeciler, sertifikal\u0131 gayrimenkul de\u011ferleme uzmanlar\u0131, yat\u0131r\u0131m dan\u0131\u015fmanlar\u0131, m\u00fchendisler gibi kan\u0131tlanm\u0131\u015f bilim adamlar\u0131 taraf\u0131ndan desteklenmektedir; b\u00f6ylece giri\u015fimci, profesyonellik ve tutarl\u0131l\u0131kla sa\u011flanan modern &#8220;Tek Noktadan \u0130\u015f&#8221; hizmetlerinden yararlanabilir.<\/p><p>Amac\u0131m\u0131z, i\u015fletmenizin ihtiya\u00e7lar\u0131na \u00f6zel olarak tasarlanm\u0131\u015f y\u00fcksek standartlarda hizmetler sunmakt\u0131r.<\/p><\/div><\/div>\t\t\t\t\t\t\t\t<\/div>\n\t\t\t\t<\/div>\n\t\t\t\t\t<\/div>\n\t\t<\/div>\n\t\t\t\t<div class=\"elementor-column elementor-col-50 elementor-inner-column elementor-element elementor-element-a956c13\" data-id=\"a956c13\" data-element_type=\"column\">\n\t\t\t<div class=\"elementor-widget-wrap elementor-element-populated\">\n\t\t\t\t\t\t<div class=\"elementor-element elementor-element-fcd32ff elementor-widget elementor-widget-image\" data-id=\"fcd32ff\" data-element_type=\"widget\" data-widget_type=\"image.default\">\n\t\t\t\t<div class=\"elementor-widget-container\">\n\t\t\t\t\t\t\t\t\t\t\t\t\t\t\t<img decoding=\"async\" src=\"https:\/\/new.aegeanconsulting.gr\/wp-content\/uploads\/elementor\/thumbs\/aegean-profile-qda2mikjruzl85rqer68dnjcflg4wmtomn074t8uee.png\" title=\"aegean-profile\" alt=\"aegean-profile\" loading=\"lazy\" \/>\t\t\t\t\t\t\t\t\t\t\t\t\t\t\t<\/div>\n\t\t\t\t<\/div>\n\t\t\t\t<div class=\"elementor-element elementor-element-ac60eca elementor-blockquote--skin-quotation elementor-blockquote--button-color-official elementor-widget elementor-widget-blockquote\" data-id=\"ac60eca\" data-element_type=\"widget\" data-widget_type=\"blockquote.default\">\n\t\t\t\t<div class=\"elementor-widget-container\">\n\t\t\t\t\t\t\t<blockquote class=\"elementor-blockquote\">\n\t\t\t<p class=\"elementor-blockquote__content\">\n\t\t\t\t\u0130\u015fletmelerin s\u00fcrd\u00fcr\u00fclebilir geli\u015fimini g\u00fcvenli ve sorumlu bir \u015fekilde sa\u011fl\u0131yoruz\t\t\t<\/p>\n\t\t\t\t\t<\/blockquote>\n\t\t\t\t\t\t<\/div>\n\t\t\t\t<\/div>\n\t\t\t\t<div class=\"elementor-element elementor-element-17219ee elementor-widget__width-auto elementor-widget elementor-widget-image\" data-id=\"17219ee\" data-element_type=\"widget\" data-widget_type=\"image.default\">\n\t\t\t\t<div class=\"elementor-widget-container\">\n\t\t\t\t\t\t\t\t\t\t\t\t\t\t\t<img fetchpriority=\"high\" decoding=\"async\" width=\"225\" height=\"300\" src=\"https:\/\/new.aegeanconsulting.gr\/wp-content\/uploads\/2023\/09\/christos_triantafillopoulos_poioi_eimaste-225x300.jpg\" class=\"attachment-medium size-medium wp-image-14750\" alt=\"\" srcset=\"https:\/\/new.aegeanconsulting.gr\/wp-content\/uploads\/2023\/09\/christos_triantafillopoulos_poioi_eimaste-225x300.jpg 225w, https:\/\/new.aegeanconsulting.gr\/wp-content\/uploads\/2023\/09\/christos_triantafillopoulos_poioi_eimaste.jpg 300w\" sizes=\"(max-width: 225px) 100vw, 225px\" \/>\t\t\t\t\t\t\t\t\t\t\t\t\t\t\t<\/div>\n\t\t\t\t<\/div>\n\t\t\t\t<div class=\"elementor-element elementor-element-fc2fc27 elementor-widget__width-auto elementor-widget elementor-widget-text-editor\" data-id=\"fc2fc27\" data-element_type=\"widget\" data-widget_type=\"text-editor.default\">\n\t\t\t\t<div class=\"elementor-widget-container\">\n\t\t\t\t\t\t\t\t\t<p><strong>Hristos<br \/>Triantafyllopoulos<\/strong><br \/><span style=\"color: #26b7cd;\">Founder &#8211; CEO<\/span><\/p>\t\t\t\t\t\t\t\t<\/div>\n\t\t\t\t<\/div>\n\t\t\t\t\t<\/div>\n\t\t<\/div>\n\t\t\t\t\t<\/div>\n\t\t<\/section>\n\t\t\t\t\t<\/div>\n\t\t<\/div>\n\t\t\t\t\t<\/div>\n\t\t<\/section>\n\t\t\t\t<\/div>\n\t\t","protected":false},"excerpt":{"rendered":"<p>HO\u015e GELD\u0130N Aegean Consulting Group , modern giri\u015fimcinin t\u00fcm ihtiya\u00e7lar\u0131n\u0131 kar\u015f\u0131lamay\u0131 ama\u00e7layan bir kurulu\u015ftur. \u015eirketin kurulmas\u0131 ve do\u011fru kurumsal formun se\u00e7ilmesinden ba\u015flay\u0131p, muhasebe departman\u0131 ve bordro departman\u0131n\u0131n organizasyonuna kadar ilerleyerek i\u015fin geli\u015fimi ve evrimi i\u00e7in dan\u0131\u015fmanl\u0131k k\u0131sm\u0131yla sona ermektedir. &#8220;Toplam \u0130\u015f&#8221; paketi, her giri\u015fimcinin \u00f6zel ihtiya\u00e7lar\u0131na g\u00f6re uygun kurumsal yap\u0131y\u0131 ve gerekli vergi planlamas\u0131n\u0131 \u00f6nererek, [&hellip;]<\/p>\n","protected":false},"author":5,"featured_media":0,"parent":0,"menu_order":0,"comment_status":"closed","ping_status":"closed","template":"elementor_header_footer","meta":{"footnotes":""},"class_list":["post-16705","page","type-page","status-publish","hentry"],"yoast_head":"<!-- This site is optimized with the Yoast SEO plugin v26.5 - https:\/\/yoast.com\/wordpress\/plugins\/seo\/ -->\n<title>B\u0130Z K\u0130M\u0130Z | aegeanconsulting.gr<\/title>\n<meta name=\"robots\" content=\"noindex, follow, max-snippet:-1, max-image-preview:large, max-video-preview:-1\" \/>\n<meta property=\"og:locale\" content=\"tr_TR\" \/>\n<meta property=\"og:type\" content=\"article\" \/>\n<meta property=\"og:title\" content=\"B\u0130Z K\u0130M\u0130Z | aegeanconsulting.gr\" \/>\n<meta property=\"og:description\" content=\"HO\u015e GELD\u0130N Aegean Consulting Group , modern giri\u015fimcinin t\u00fcm ihtiya\u00e7lar\u0131n\u0131 kar\u015f\u0131lamay\u0131 ama\u00e7layan bir kurulu\u015ftur. \u015eirketin kurulmas\u0131 ve do\u011fru kurumsal formun se\u00e7ilmesinden ba\u015flay\u0131p, muhasebe departman\u0131 ve bordro departman\u0131n\u0131n organizasyonuna kadar ilerleyerek i\u015fin geli\u015fimi ve evrimi i\u00e7in dan\u0131\u015fmanl\u0131k k\u0131sm\u0131yla sona ermektedir. &#8220;Toplam \u0130\u015f&#8221; paketi, her giri\u015fimcinin \u00f6zel ihtiya\u00e7lar\u0131na g\u00f6re uygun kurumsal yap\u0131y\u0131 ve gerekli vergi planlamas\u0131n\u0131 \u00f6nererek, [&hellip;]\" \/>\n<meta property=\"og:url\" content=\"https:\/\/aegeanconsulting.gr\/tr\/profil\/\" \/>\n<meta property=\"og:site_name\" content=\"aegeanconsulting.gr\" \/>\n<meta property=\"article:modified_time\" content=\"2023-09-29T07:33:04+00:00\" \/>\n<meta property=\"og:image\" content=\"https:\/\/aegeanconsulting.gr\/wp-content\/uploads\/elementor\/thumbs\/aegean-profile-q7iu9ttplj85s6l09qe3i1amha1eotven99m2gn9pi.png\" \/>\n<meta name=\"twitter:label1\" content=\"Est. reading time\" \/>\n\t<meta name=\"twitter:data1\" content=\"2 minutes\" \/>\n<script type=\"application\/ld+json\" class=\"yoast-schema-graph\">{\"@context\":\"https:\/\/schema.org\",\"@graph\":[{\"@type\":\"WebPage\",\"@id\":\"https:\/\/aegeanconsulting.gr\/tr\/profil\/\",\"url\":\"https:\/\/aegeanconsulting.gr\/tr\/profil\/\",\"name\":\"B\u0130Z K\u0130M\u0130Z | aegeanconsulting.gr\",\"isPartOf\":{\"@id\":\"https:\/\/aegeanconsulting.gr\/#website\"},\"primaryImageOfPage\":{\"@id\":\"https:\/\/aegeanconsulting.gr\/tr\/profil\/#primaryimage\"},\"image\":{\"@id\":\"https:\/\/aegeanconsulting.gr\/tr\/profil\/#primaryimage\"},\"thumbnailUrl\":\"https:\/\/new.aegeanconsulting.gr\/wp-content\/uploads\/elementor\/thumbs\/aegean-profile-q7iu9ttplj85s6l09qe3i1amha1eotven99m2gn9pi.png\",\"datePublished\":\"2023-09-28T11:15:06+00:00\",\"dateModified\":\"2023-09-29T07:33:04+00:00\",\"breadcrumb\":{\"@id\":\"https:\/\/aegeanconsulting.gr\/tr\/profil\/#breadcrumb\"},\"inLanguage\":\"tr\",\"potentialAction\":[{\"@type\":\"ReadAction\",\"target\":[\"https:\/\/aegeanconsulting.gr\/tr\/profil\/\"]}]},{\"@type\":\"ImageObject\",\"inLanguage\":\"tr\",\"@id\":\"https:\/\/aegeanconsulting.gr\/tr\/profil\/#primaryimage\",\"url\":\"https:\/\/new.aegeanconsulting.gr\/wp-content\/uploads\/elementor\/thumbs\/aegean-profile-q7iu9ttplj85s6l09qe3i1amha1eotven99m2gn9pi.png\",\"contentUrl\":\"https:\/\/new.aegeanconsulting.gr\/wp-content\/uploads\/elementor\/thumbs\/aegean-profile-q7iu9ttplj85s6l09qe3i1amha1eotven99m2gn9pi.png\"},{\"@type\":\"BreadcrumbList\",\"@id\":\"https:\/\/aegeanconsulting.gr\/tr\/profil\/#breadcrumb\",\"itemListElement\":[{\"@type\":\"ListItem\",\"position\":1,\"name\":\"Ev\",\"item\":\"https:\/\/aegeanconsulting.gr\/tr\/home-2\/\"},{\"@type\":\"ListItem\",\"position\":2,\"name\":\"B\u0130Z K\u0130M\u0130Z\"}]},{\"@type\":\"WebSite\",\"@id\":\"https:\/\/aegeanconsulting.gr\/#website\",\"url\":\"https:\/\/aegeanconsulting.gr\/\",\"name\":\"aegeanconsulting.gr\",\"description\":\"Legal and Accounting Services in Greece\",\"publisher\":{\"@id\":\"https:\/\/aegeanconsulting.gr\/#organization\"},\"potentialAction\":[{\"@type\":\"SearchAction\",\"target\":{\"@type\":\"EntryPoint\",\"urlTemplate\":\"https:\/\/aegeanconsulting.gr\/?s={search_term_string}\"},\"query-input\":{\"@type\":\"PropertyValueSpecification\",\"valueRequired\":true,\"valueName\":\"search_term_string\"}}],\"inLanguage\":\"tr\"},{\"@type\":\"Organization\",\"@id\":\"https:\/\/aegeanconsulting.gr\/#organization\",\"name\":\"aegeanconsulting.gr\",\"url\":\"https:\/\/aegeanconsulting.gr\/\",\"logo\":{\"@type\":\"ImageObject\",\"inLanguage\":\"tr\",\"@id\":\"https:\/\/aegeanconsulting.gr\/#\/schema\/logo\/image\/\",\"url\":\"https:\/\/new.aegeanconsulting.gr\/wp-content\/uploads\/2023\/06\/aegean-consulting-logo.svg\",\"contentUrl\":\"https:\/\/new.aegeanconsulting.gr\/wp-content\/uploads\/2023\/06\/aegean-consulting-logo.svg\",\"width\":244,\"height\":81,\"caption\":\"aegeanconsulting.gr\"},\"image\":{\"@id\":\"https:\/\/aegeanconsulting.gr\/#\/schema\/logo\/image\/\"}}]}<\/script>\n<!-- \/ Yoast SEO plugin. -->","yoast_head_json":{"title":"B\u0130Z K\u0130M\u0130Z | aegeanconsulting.gr","robots":{"index":"noindex","follow":"follow","max-snippet":"max-snippet:-1","max-image-preview":"max-image-preview:large","max-video-preview":"max-video-preview:-1"},"og_locale":"tr_TR","og_type":"article","og_title":"B\u0130Z K\u0130M\u0130Z | aegeanconsulting.gr","og_description":"HO\u015e GELD\u0130N Aegean Consulting Group , modern giri\u015fimcinin t\u00fcm ihtiya\u00e7lar\u0131n\u0131 kar\u015f\u0131lamay\u0131 ama\u00e7layan bir kurulu\u015ftur. \u015eirketin kurulmas\u0131 ve do\u011fru kurumsal formun se\u00e7ilmesinden ba\u015flay\u0131p, muhasebe departman\u0131 ve bordro departman\u0131n\u0131n organizasyonuna kadar ilerleyerek i\u015fin geli\u015fimi ve evrimi i\u00e7in dan\u0131\u015fmanl\u0131k k\u0131sm\u0131yla sona ermektedir. &#8220;Toplam \u0130\u015f&#8221; paketi, her giri\u015fimcinin \u00f6zel ihtiya\u00e7lar\u0131na g\u00f6re uygun kurumsal yap\u0131y\u0131 ve gerekli vergi planlamas\u0131n\u0131 \u00f6nererek, [&hellip;]","og_url":"https:\/\/aegeanconsulting.gr\/tr\/profil\/","og_site_name":"aegeanconsulting.gr","article_modified_time":"2023-09-29T07:33:04+00:00","og_image":[{"url":"https:\/\/aegeanconsulting.gr\/wp-content\/uploads\/elementor\/thumbs\/aegean-profile-q7iu9ttplj85s6l09qe3i1amha1eotven99m2gn9pi.png","type":"","width":"","height":""}],"twitter_misc":{"Est. reading time":"2 minutes"},"schema":{"@context":"https:\/\/schema.org","@graph":[{"@type":"WebPage","@id":"https:\/\/aegeanconsulting.gr\/tr\/profil\/","url":"https:\/\/aegeanconsulting.gr\/tr\/profil\/","name":"B\u0130Z K\u0130M\u0130Z | aegeanconsulting.gr","isPartOf":{"@id":"https:\/\/aegeanconsulting.gr\/#website"},"primaryImageOfPage":{"@id":"https:\/\/aegeanconsulting.gr\/tr\/profil\/#primaryimage"},"image":{"@id":"https:\/\/aegeanconsulting.gr\/tr\/profil\/#primaryimage"},"thumbnailUrl":"https:\/\/new.aegeanconsulting.gr\/wp-content\/uploads\/elementor\/thumbs\/aegean-profile-q7iu9ttplj85s6l09qe3i1amha1eotven99m2gn9pi.png","datePublished":"2023-09-28T11:15:06+00:00","dateModified":"2023-09-29T07:33:04+00:00","breadcrumb":{"@id":"https:\/\/aegeanconsulting.gr\/tr\/profil\/#breadcrumb"},"inLanguage":"tr","potentialAction":[{"@type":"ReadAction","target":["https:\/\/aegeanconsulting.gr\/tr\/profil\/"]}]},{"@type":"ImageObject","inLanguage":"tr","@id":"https:\/\/aegeanconsulting.gr\/tr\/profil\/#primaryimage","url":"https:\/\/new.aegeanconsulting.gr\/wp-content\/uploads\/elementor\/thumbs\/aegean-profile-q7iu9ttplj85s6l09qe3i1amha1eotven99m2gn9pi.png","contentUrl":"https:\/\/new.aegeanconsulting.gr\/wp-content\/uploads\/elementor\/thumbs\/aegean-profile-q7iu9ttplj85s6l09qe3i1amha1eotven99m2gn9pi.png"},{"@type":"BreadcrumbList","@id":"https:\/\/aegeanconsulting.gr\/tr\/profil\/#breadcrumb","itemListElement":[{"@type":"ListItem","position":1,"name":"Ev","item":"https:\/\/aegeanconsulting.gr\/tr\/home-2\/"},{"@type":"ListItem","position":2,"name":"B\u0130Z K\u0130M\u0130Z"}]},{"@type":"WebSite","@id":"https:\/\/aegeanconsulting.gr\/#website","url":"https:\/\/aegeanconsulting.gr\/","name":"aegeanconsulting.gr","description":"Legal and Accounting Services in Greece","publisher":{"@id":"https:\/\/aegeanconsulting.gr\/#organization"},"potentialAction":[{"@type":"SearchAction","target":{"@type":"EntryPoint","urlTemplate":"https:\/\/aegeanconsulting.gr\/?s={search_term_string}"},"query-input":{"@type":"PropertyValueSpecification","valueRequired":true,"valueName":"search_term_string"}}],"inLanguage":"tr"},{"@type":"Organization","@id":"https:\/\/aegeanconsulting.gr\/#organization","name":"aegeanconsulting.gr","url":"https:\/\/aegeanconsulting.gr\/","logo":{"@type":"ImageObject","inLanguage":"tr","@id":"https:\/\/aegeanconsulting.gr\/#\/schema\/logo\/image\/","url":"https:\/\/new.aegeanconsulting.gr\/wp-content\/uploads\/2023\/06\/aegean-consulting-logo.svg","contentUrl":"https:\/\/new.aegeanconsulting.gr\/wp-content\/uploads\/2023\/06\/aegean-consulting-logo.svg","width":244,"height":81,"caption":"aegeanconsulting.gr"},"image":{"@id":"https:\/\/aegeanconsulting.gr\/#\/schema\/logo\/image\/"}}]}},"_links":{"self":[{"href":"https:\/\/new.aegeanconsulting.gr\/tr\/wp-json\/wp\/v2\/pages\/16705","targetHints":{"allow":["GET"]}}],"collection":[{"href":"https:\/\/new.aegeanconsulting.gr\/tr\/wp-json\/wp\/v2\/pages"}],"about":[{"href":"https:\/\/new.aegeanconsulting.gr\/tr\/wp-json\/wp\/v2\/types\/page"}],"author":[{"embeddable":true,"href":"https:\/\/new.aegeanconsulting.gr\/tr\/wp-json\/wp\/v2\/users\/5"}],"replies":[{"embeddable":true,"href":"https:\/\/new.aegeanconsulting.gr\/tr\/wp-json\/wp\/v2\/comments?post=16705"}],"version-history":[{"count":3,"href":"https:\/\/new.aegeanconsulting.gr\/tr\/wp-json\/wp\/v2\/pages\/16705\/revisions"}],"predecessor-version":[{"id":17055,"href":"https:\/\/new.aegeanconsulting.gr\/tr\/wp-json\/wp\/v2\/pages\/16705\/revisions\/17055"}],"wp:attachment":[{"href":"https:\/\/new.aegeanconsulting.gr\/tr\/wp-json\/wp\/v2\/media?parent=16705"}],"curies":[{"name":"wp","href":"https:\/\/api.w.org\/{rel}","templated":true}]}}