{"id":17007,"date":"2023-09-28T20:11:52","date_gmt":"2023-09-28T17:11:52","guid":{"rendered":"https:\/\/aegeanconsulting.gr\/?page_id=17007"},"modified":"2023-09-28T20:11:52","modified_gmt":"2023-09-28T17:11:52","slug":"yunanistanda-bir-banka-hesabi-nasil-acilir","status":"publish","type":"page","link":"https:\/\/new.aegeanconsulting.gr\/tr\/yunanistanda-bir-banka-hesabi-nasil-acilir\/","title":{"rendered":"YUNAN\u0130STAN\u2019DA B\u0130R BANKA HESABI NASIL A\u00c7ILIR"},"content":{"rendered":"<p>Yunanistan\u2019da 14 banka var, ancak Atina\u2019da sadece 8 tanesi faaliyet g\u00f6steriyor ve bireylere ve \u015firketlere hizmet sunabiliyor. Giri\u015fimciler, yat\u0131r\u0131mc\u0131lar ve bazen d\u00fcnya vatanda\u015flar\u0131, yurtd\u0131\u015f\u0131nda ama AB i\u00e7inde para kullanmak i\u00e7in Yunan bankalar\u0131nda hesap a\u00e7arlar, yurtd\u0131\u015f\u0131ndaki \u015firketlerden temett\u00fc al\u0131rlar ve paray\u0131 g\u00fcvence alt\u0131na al\u0131rlar. Yabanc\u0131 bir vatanda\u015f olarak Yunanistan\u2019da banka hesab\u0131 a\u00e7mak m\u00fcmk\u00fcn ama o kadar kolay de\u011fil. Aegean Consultingan\u0131\u015fmanl\u0131k, bu prosed\u00fcrde size rehberlik edebilir ve Yunanistan\u2019daki 6 b\u00fcy\u00fck banka ile ba\u011flant\u0131l\u0131 olarak bankan\u0131n Durum Tespitini ge\u00e7ebilir.<\/p>\n<p>Yunan banka sisteminde bir hesap i\u00e7in ba\u015fvurmak isterseniz, birka\u00e7 belge toplaman\u0131z gerekir. Kimli\u011finizi, gelir kayna\u011f\u0131n\u0131z\u0131 ve ikamet etti\u011finiz yeri teyit etmelisiniz. Bankalar\u0131n hesap a\u00e7mak i\u00e7in toplad\u0131klar\u0131 t\u00fcm bu bilgiler Yunanistan Merkez Bankas\u0131\u2019n\u0131n karar\u0131na g\u00f6redir. Bankan\u0131n gereksinimlerine ba\u011fl\u0131 olarak a\u015fa\u011f\u0131daki belgelerden baz\u0131lar\u0131 \u015funlard\u0131r:<\/p>\n<ol>\n<li>N\u00fcfus c\u00fczdan\u0131 veya pasaport<\/li>\n<li>\u00dclkenin otomatik d\u00f6viz vergisi bilgilerine kat\u0131lmas\u0131 durumunda Yunanistan\u2019dan veya Yunan olmayan bir vergi kimlik numaras\u0131<\/li>\n<li>Yerel vergi dairesinden al\u0131nan gelir tablosu ve bir banka hesap \u00f6zeti<\/li>\n<li>Ki\u015finin ad\u0131n\u0131 ve adresini g\u00f6steren fatura<\/li>\n<li>\u00c7al\u0131\u015fma belgesi veya maa\u015f bordrosu<\/li>\n<li>Sosyal g\u00fcvenlik sertifikas\u0131<\/li>\n<\/ol>\n<p>Durum Tespitini ge\u00e7mek i\u00e7in ayr\u0131ca ilk vatanda\u015fl\u0131\u011f\u0131n bulundu\u011fu \u00fclkeye de ba\u011fl\u0131d\u0131r. Banka Durum Tespiti, ba\u015fvuru s\u00fcrecinin \u00f6nemli bir par\u00e7as\u0131d\u0131r. Banka, sebebini a\u00e7\u0131klamadan yabanc\u0131ya hesap a\u00e7may\u0131 reddedebilir. Banka denetimi tamamlad\u0131\u011f\u0131nda, m\u00fc\u015fteri i\u00e7in her \u015feyi haz\u0131rlayaca\u011f\u0131z ve Yunanistan\u2019a geli\u015f randevusu hakk\u0131nda onu bilgilendirece\u011fiz ve bankay\u0131 bizzat ziyaret edece\u011fiz. Bankay\u0131 yaln\u0131zca bir kez ziyaret etmelisiniz ve sonras\u0131ndaki hizmetlerin \u00e7o\u011fu \u00e7evrimi\u00e7i olarak, e-bankac\u0131l\u0131k veya banka \/ kredi kartlar\u0131 kullan\u0131larak yap\u0131labilir.<\/p>\n<p>&nbsp;<\/p>\n<p>Yunanistan\u2019\u0131n bankac\u0131l\u0131k sistemi olduk\u00e7a g\u00fcvenlidir ve her banka hesab\u0131 i\u00e7in 100.000 Euro\u2019ya kadar garanti verebilmektedir. \u0130htiya\u00e7lar\u0131n\u0131za uygun bankay\u0131 se\u00e7menizde size yard\u0131mc\u0131 olabiliriz.<\/p>\n","protected":false},"excerpt":{"rendered":"<p>Yunanistan\u2019da 14 banka var, ancak Atina\u2019da sadece 8 tanesi faaliyet g\u00f6steriyor ve bireylere ve \u015firketlere hizmet sunabiliyor. Giri\u015fimciler, yat\u0131r\u0131mc\u0131lar ve bazen d\u00fcnya vatanda\u015flar\u0131, yurtd\u0131\u015f\u0131nda ama AB i\u00e7inde para kullanmak i\u00e7in Yunan bankalar\u0131nda hesap a\u00e7arlar, yurtd\u0131\u015f\u0131ndaki \u015firketlerden temett\u00fc al\u0131rlar ve paray\u0131 g\u00fcvence alt\u0131na al\u0131rlar. Yabanc\u0131 bir vatanda\u015f olarak Yunanistan\u2019da banka hesab\u0131 a\u00e7mak m\u00fcmk\u00fcn ama o kadar [&hellip;]<\/p>\n","protected":false},"author":25,"featured_media":0,"parent":0,"menu_order":0,"comment_status":"closed","ping_status":"closed","template":"","meta":{"footnotes":""},"class_list":["post-17007","page","type-page","status-publish","hentry"],"yoast_head":"<!-- This site is optimized with the Yoast SEO plugin v26.5 - https:\/\/yoast.com\/wordpress\/plugins\/seo\/ -->\n<title>YUNAN\u0130STAN\u2019DA B\u0130R BANKA HESABI NASIL A\u00c7ILIR | aegeanconsulting.gr<\/title>\n<meta name=\"robots\" content=\"noindex, follow, max-snippet:-1, max-image-preview:large, max-video-preview:-1\" \/>\n<meta property=\"og:locale\" content=\"tr_TR\" \/>\n<meta property=\"og:type\" content=\"article\" \/>\n<meta property=\"og:title\" content=\"YUNAN\u0130STAN\u2019DA B\u0130R BANKA HESABI NASIL A\u00c7ILIR | aegeanconsulting.gr\" \/>\n<meta property=\"og:description\" content=\"Yunanistan\u2019da 14 banka var, ancak Atina\u2019da sadece 8 tanesi faaliyet g\u00f6steriyor ve bireylere ve \u015firketlere hizmet sunabiliyor. Giri\u015fimciler, yat\u0131r\u0131mc\u0131lar ve bazen d\u00fcnya vatanda\u015flar\u0131, yurtd\u0131\u015f\u0131nda ama AB i\u00e7inde para kullanmak i\u00e7in Yunan bankalar\u0131nda hesap a\u00e7arlar, yurtd\u0131\u015f\u0131ndaki \u015firketlerden temett\u00fc al\u0131rlar ve paray\u0131 g\u00fcvence alt\u0131na al\u0131rlar. Yabanc\u0131 bir vatanda\u015f olarak Yunanistan\u2019da banka hesab\u0131 a\u00e7mak m\u00fcmk\u00fcn ama o kadar [&hellip;]\" \/>\n<meta property=\"og:url\" content=\"https:\/\/aegeanconsulting.gr\/tr\/yunanistanda-bir-banka-hesabi-nasil-acilir\/\" \/>\n<meta property=\"og:site_name\" content=\"aegeanconsulting.gr\" \/>\n<meta name=\"twitter:label1\" content=\"Est. reading time\" \/>\n\t<meta name=\"twitter:data1\" content=\"2 minutes\" \/>\n<script type=\"application\/ld+json\" class=\"yoast-schema-graph\">{\"@context\":\"https:\/\/schema.org\",\"@graph\":[{\"@type\":\"WebPage\",\"@id\":\"https:\/\/aegeanconsulting.gr\/tr\/yunanistanda-bir-banka-hesabi-nasil-acilir\/\",\"url\":\"https:\/\/aegeanconsulting.gr\/tr\/yunanistanda-bir-banka-hesabi-nasil-acilir\/\",\"name\":\"YUNAN\u0130STAN\u2019DA B\u0130R BANKA HESABI NASIL A\u00c7ILIR | aegeanconsulting.gr\",\"isPartOf\":{\"@id\":\"https:\/\/aegeanconsulting.gr\/#website\"},\"datePublished\":\"2023-09-28T17:11:52+00:00\",\"breadcrumb\":{\"@id\":\"https:\/\/aegeanconsulting.gr\/tr\/yunanistanda-bir-banka-hesabi-nasil-acilir\/#breadcrumb\"},\"inLanguage\":\"tr\",\"potentialAction\":[{\"@type\":\"ReadAction\",\"target\":[\"https:\/\/aegeanconsulting.gr\/tr\/yunanistanda-bir-banka-hesabi-nasil-acilir\/\"]}]},{\"@type\":\"BreadcrumbList\",\"@id\":\"https:\/\/aegeanconsulting.gr\/tr\/yunanistanda-bir-banka-hesabi-nasil-acilir\/#breadcrumb\",\"itemListElement\":[{\"@type\":\"ListItem\",\"position\":1,\"name\":\"Ev\",\"item\":\"https:\/\/aegeanconsulting.gr\/tr\/home-2\/\"},{\"@type\":\"ListItem\",\"position\":2,\"name\":\"YUNAN\u0130STAN\u2019DA B\u0130R BANKA HESABI NASIL A\u00c7ILIR\"}]},{\"@type\":\"WebSite\",\"@id\":\"https:\/\/aegeanconsulting.gr\/#website\",\"url\":\"https:\/\/aegeanconsulting.gr\/\",\"name\":\"aegeanconsulting.gr\",\"description\":\"Legal and Accounting Services in Greece\",\"publisher\":{\"@id\":\"https:\/\/aegeanconsulting.gr\/#organization\"},\"potentialAction\":[{\"@type\":\"SearchAction\",\"target\":{\"@type\":\"EntryPoint\",\"urlTemplate\":\"https:\/\/aegeanconsulting.gr\/?s={search_term_string}\"},\"query-input\":{\"@type\":\"PropertyValueSpecification\",\"valueRequired\":true,\"valueName\":\"search_term_string\"}}],\"inLanguage\":\"tr\"},{\"@type\":\"Organization\",\"@id\":\"https:\/\/aegeanconsulting.gr\/#organization\",\"name\":\"aegeanconsulting.gr\",\"url\":\"https:\/\/aegeanconsulting.gr\/\",\"logo\":{\"@type\":\"ImageObject\",\"inLanguage\":\"tr\",\"@id\":\"https:\/\/aegeanconsulting.gr\/#\/schema\/logo\/image\/\",\"url\":\"https:\/\/new.aegeanconsulting.gr\/wp-content\/uploads\/2023\/06\/aegean-consulting-logo.svg\",\"contentUrl\":\"https:\/\/new.aegeanconsulting.gr\/wp-content\/uploads\/2023\/06\/aegean-consulting-logo.svg\",\"width\":244,\"height\":81,\"caption\":\"aegeanconsulting.gr\"},\"image\":{\"@id\":\"https:\/\/aegeanconsulting.gr\/#\/schema\/logo\/image\/\"}}]}<\/script>\n<!-- \/ Yoast SEO plugin. -->","yoast_head_json":{"title":"YUNAN\u0130STAN\u2019DA B\u0130R BANKA HESABI NASIL A\u00c7ILIR | aegeanconsulting.gr","robots":{"index":"noindex","follow":"follow","max-snippet":"max-snippet:-1","max-image-preview":"max-image-preview:large","max-video-preview":"max-video-preview:-1"},"og_locale":"tr_TR","og_type":"article","og_title":"YUNAN\u0130STAN\u2019DA B\u0130R BANKA HESABI NASIL A\u00c7ILIR | aegeanconsulting.gr","og_description":"Yunanistan\u2019da 14 banka var, ancak Atina\u2019da sadece 8 tanesi faaliyet g\u00f6steriyor ve bireylere ve \u015firketlere hizmet sunabiliyor. Giri\u015fimciler, yat\u0131r\u0131mc\u0131lar ve bazen d\u00fcnya vatanda\u015flar\u0131, yurtd\u0131\u015f\u0131nda ama AB i\u00e7inde para kullanmak i\u00e7in Yunan bankalar\u0131nda hesap a\u00e7arlar, yurtd\u0131\u015f\u0131ndaki \u015firketlerden temett\u00fc al\u0131rlar ve paray\u0131 g\u00fcvence alt\u0131na al\u0131rlar. Yabanc\u0131 bir vatanda\u015f olarak Yunanistan\u2019da banka hesab\u0131 a\u00e7mak m\u00fcmk\u00fcn ama o kadar [&hellip;]","og_url":"https:\/\/aegeanconsulting.gr\/tr\/yunanistanda-bir-banka-hesabi-nasil-acilir\/","og_site_name":"aegeanconsulting.gr","twitter_misc":{"Est. reading time":"2 minutes"},"schema":{"@context":"https:\/\/schema.org","@graph":[{"@type":"WebPage","@id":"https:\/\/aegeanconsulting.gr\/tr\/yunanistanda-bir-banka-hesabi-nasil-acilir\/","url":"https:\/\/aegeanconsulting.gr\/tr\/yunanistanda-bir-banka-hesabi-nasil-acilir\/","name":"YUNAN\u0130STAN\u2019DA B\u0130R BANKA HESABI NASIL A\u00c7ILIR | aegeanconsulting.gr","isPartOf":{"@id":"https:\/\/aegeanconsulting.gr\/#website"},"datePublished":"2023-09-28T17:11:52+00:00","breadcrumb":{"@id":"https:\/\/aegeanconsulting.gr\/tr\/yunanistanda-bir-banka-hesabi-nasil-acilir\/#breadcrumb"},"inLanguage":"tr","potentialAction":[{"@type":"ReadAction","target":["https:\/\/aegeanconsulting.gr\/tr\/yunanistanda-bir-banka-hesabi-nasil-acilir\/"]}]},{"@type":"BreadcrumbList","@id":"https:\/\/aegeanconsulting.gr\/tr\/yunanistanda-bir-banka-hesabi-nasil-acilir\/#breadcrumb","itemListElement":[{"@type":"ListItem","position":1,"name":"Ev","item":"https:\/\/aegeanconsulting.gr\/tr\/home-2\/"},{"@type":"ListItem","position":2,"name":"YUNAN\u0130STAN\u2019DA B\u0130R BANKA HESABI NASIL A\u00c7ILIR"}]},{"@type":"WebSite","@id":"https:\/\/aegeanconsulting.gr\/#website","url":"https:\/\/aegeanconsulting.gr\/","name":"aegeanconsulting.gr","description":"Legal and Accounting Services in Greece","publisher":{"@id":"https:\/\/aegeanconsulting.gr\/#organization"},"potentialAction":[{"@type":"SearchAction","target":{"@type":"EntryPoint","urlTemplate":"https:\/\/aegeanconsulting.gr\/?s={search_term_string}"},"query-input":{"@type":"PropertyValueSpecification","valueRequired":true,"valueName":"search_term_string"}}],"inLanguage":"tr"},{"@type":"Organization","@id":"https:\/\/aegeanconsulting.gr\/#organization","name":"aegeanconsulting.gr","url":"https:\/\/aegeanconsulting.gr\/","logo":{"@type":"ImageObject","inLanguage":"tr","@id":"https:\/\/aegeanconsulting.gr\/#\/schema\/logo\/image\/","url":"https:\/\/new.aegeanconsulting.gr\/wp-content\/uploads\/2023\/06\/aegean-consulting-logo.svg","contentUrl":"https:\/\/new.aegeanconsulting.gr\/wp-content\/uploads\/2023\/06\/aegean-consulting-logo.svg","width":244,"height":81,"caption":"aegeanconsulting.gr"},"image":{"@id":"https:\/\/aegeanconsulting.gr\/#\/schema\/logo\/image\/"}}]}},"_links":{"self":[{"href":"https:\/\/new.aegeanconsulting.gr\/tr\/wp-json\/wp\/v2\/pages\/17007","targetHints":{"allow":["GET"]}}],"collection":[{"href":"https:\/\/new.aegeanconsulting.gr\/tr\/wp-json\/wp\/v2\/pages"}],"about":[{"href":"https:\/\/new.aegeanconsulting.gr\/tr\/wp-json\/wp\/v2\/types\/page"}],"author":[{"embeddable":true,"href":"https:\/\/new.aegeanconsulting.gr\/tr\/wp-json\/wp\/v2\/users\/25"}],"replies":[{"embeddable":true,"href":"https:\/\/new.aegeanconsulting.gr\/tr\/wp-json\/wp\/v2\/comments?post=17007"}],"version-history":[{"count":1,"href":"https:\/\/new.aegeanconsulting.gr\/tr\/wp-json\/wp\/v2\/pages\/17007\/revisions"}],"predecessor-version":[{"id":17008,"href":"https:\/\/new.aegeanconsulting.gr\/tr\/wp-json\/wp\/v2\/pages\/17007\/revisions\/17008"}],"wp:attachment":[{"href":"https:\/\/new.aegeanconsulting.gr\/tr\/wp-json\/wp\/v2\/media?parent=17007"}],"curies":[{"name":"wp","href":"https:\/\/api.w.org\/{rel}","templated":true}]}}