{"id":17039,"date":"2023-09-29T10:17:03","date_gmt":"2023-09-29T07:17:03","guid":{"rendered":"https:\/\/aegeanconsulting.gr\/?page_id=17039"},"modified":"2023-09-29T11:37:27","modified_gmt":"2023-09-29T08:37:27","slug":"awards","status":"publish","type":"page","link":"https:\/\/new.aegeanconsulting.gr\/tr\/awards\/","title":{"rendered":"\u03a4\u03b1 \u03b2\u03c1\u03b1\u03b2\u03b5\u03af\u03b1 \u03bc\u03b1\u03c2"},"content":{"rendered":"\t\t<div data-elementor-type=\"wp-page\" data-elementor-id=\"17039\" class=\"elementor elementor-17039 elementor-16755\" data-elementor-post-type=\"page\">\n\t\t\t\t\t\t<section class=\"elementor-section elementor-top-section elementor-element elementor-element-945a70a elementor-section-boxed elementor-section-height-default elementor-section-height-default\" data-id=\"945a70a\" data-element_type=\"section\" data-settings=\"{&quot;background_background&quot;:&quot;classic&quot;}\">\n\t\t\t\t\t\t<div class=\"elementor-container elementor-column-gap-default\">\n\t\t\t\t\t<div class=\"elementor-column elementor-col-100 elementor-top-column elementor-element elementor-element-ad167ae\" data-id=\"ad167ae\" data-element_type=\"column\">\n\t\t\t<div class=\"elementor-widget-wrap elementor-element-populated\">\n\t\t\t\t\t\t<div class=\"elementor-element elementor-element-aaef209 elementor-widget elementor-widget-heading\" data-id=\"aaef209\" data-element_type=\"widget\" data-widget_type=\"heading.default\">\n\t\t\t\t<div class=\"elementor-widget-container\">\n\t\t\t\t\t<h2 class=\"elementor-heading-title elementor-size-default\">\u00d6d\u00fcller<\/h2>\t\t\t\t<\/div>\n\t\t\t\t<\/div>\n\t\t\t\t\t<\/div>\n\t\t<\/div>\n\t\t\t\t\t<\/div>\n\t\t<\/section>\n\t\t\t\t<section class=\"elementor-section elementor-top-section elementor-element elementor-element-d1698da elementor-reverse-mobile elementor-section-boxed elementor-section-height-default elementor-section-height-default\" data-id=\"d1698da\" data-element_type=\"section\">\n\t\t\t\t\t\t<div class=\"elementor-container elementor-column-gap-default\">\n\t\t\t\t\t<div class=\"elementor-column elementor-col-50 elementor-top-column elementor-element elementor-element-712388f\" data-id=\"712388f\" data-element_type=\"column\">\n\t\t\t<div class=\"elementor-widget-wrap elementor-element-populated\">\n\t\t\t\t\t\t<div class=\"elementor-element elementor-element-06a0284 elementor-widget elementor-widget-image\" data-id=\"06a0284\" data-element_type=\"widget\" data-widget_type=\"image.default\">\n\t\t\t\t<div class=\"elementor-widget-container\">\n\t\t\t\t\t\t\t\t\t\t\t\t\t\t\t<img fetchpriority=\"high\" decoding=\"async\" width=\"800\" height=\"800\" src=\"https:\/\/new.aegeanconsulting.gr\/wp-content\/uploads\/2023\/09\/Frame-17-1024x1024.png\" class=\"attachment-large size-large wp-image-17023\" alt=\"\" srcset=\"https:\/\/new.aegeanconsulting.gr\/wp-content\/uploads\/2023\/09\/Frame-17-1024x1024.png 1024w, https:\/\/new.aegeanconsulting.gr\/wp-content\/uploads\/2023\/09\/Frame-17-300x300.png 300w, https:\/\/new.aegeanconsulting.gr\/wp-content\/uploads\/2023\/09\/Frame-17-150x150.png 150w, https:\/\/new.aegeanconsulting.gr\/wp-content\/uploads\/2023\/09\/Frame-17-768x768.png 768w, https:\/\/new.aegeanconsulting.gr\/wp-content\/uploads\/2023\/09\/Frame-17-1536x1536.png 1536w, https:\/\/new.aegeanconsulting.gr\/wp-content\/uploads\/2023\/09\/Frame-17-2048x2048.png 2048w\" sizes=\"(max-width: 800px) 100vw, 800px\" \/>\t\t\t\t\t\t\t\t\t\t\t\t\t\t\t<\/div>\n\t\t\t\t<\/div>\n\t\t\t\t\t<\/div>\n\t\t<\/div>\n\t\t\t\t<div class=\"elementor-column elementor-col-50 elementor-top-column elementor-element elementor-element-cab3eee\" data-id=\"cab3eee\" data-element_type=\"column\">\n\t\t\t<div class=\"elementor-widget-wrap elementor-element-populated\">\n\t\t\t\t\t\t<div class=\"elementor-element elementor-element-214222f elementor-widget elementor-widget-heading\" data-id=\"214222f\" data-element_type=\"widget\" data-widget_type=\"heading.default\">\n\t\t\t\t<div class=\"elementor-widget-container\">\n\t\t\t\t\t<h2 class=\"elementor-heading-title elementor-size-default\">2023<\/h2>\t\t\t\t<\/div>\n\t\t\t\t<\/div>\n\t\t\t\t<div class=\"elementor-element elementor-element-a87b8ab elementor-widget-divider--view-line elementor-widget elementor-widget-divider\" data-id=\"a87b8ab\" data-element_type=\"widget\" data-widget_type=\"divider.default\">\n\t\t\t\t<div class=\"elementor-widget-container\">\n\t\t\t\t\t\t\t<div class=\"elementor-divider\">\n\t\t\t<span class=\"elementor-divider-separator\">\n\t\t\t\t\t\t<\/span>\n\t\t<\/div>\n\t\t\t\t\t\t<\/div>\n\t\t\t\t<\/div>\n\t\t\t\t<div class=\"elementor-element elementor-element-62be273 elementor-widget elementor-widget-text-editor\" data-id=\"62be273\" data-element_type=\"widget\" data-widget_type=\"text-editor.default\">\n\t\t\t\t<div class=\"elementor-widget-container\">\n\t\t\t\t\t\t\t\t\tBu y\u0131l\u0131n <strong>Muhasebe \u00d6d\u00fclleri<\/strong>&#8216;nde kazand\u0131\u011f\u0131m\u0131z <strong>iki \u00f6d\u00fcl\u00fc<\/strong> 2. y\u0131ld\u0131r sunmaktan gurur duyuyoruz. Biri <strong>Bordro Hizmetleri<\/strong> ile ilgili, di\u011feri ise m\u00fc\u015fterilerimize ba\u015far\u0131yla sundu\u011fumuz <strong>Finansman Bulma Hizmetleri<\/strong> ile ilgili.\n\nSekt\u00f6rden ald\u0131\u011f\u0131m\u0131z \u00f6d\u00fcl bizi hem sevindiriyor, hem de giderek daha y\u00fcksek standartlar\u0131 kar\u015f\u0131lama sorumlulu\u011fuyla dolduruyor.\t\t\t\t\t\t\t\t<\/div>\n\t\t\t\t<\/div>\n\t\t\t\t<section class=\"elementor-section elementor-inner-section elementor-element elementor-element-363f1ba elementor-section-boxed elementor-section-height-default elementor-section-height-default\" data-id=\"363f1ba\" data-element_type=\"section\">\n\t\t\t\t\t\t<div class=\"elementor-container elementor-column-gap-default\">\n\t\t\t\t\t<div class=\"elementor-column elementor-col-50 elementor-inner-column elementor-element elementor-element-cdaba30\" data-id=\"cdaba30\" data-element_type=\"column\">\n\t\t\t<div class=\"elementor-widget-wrap elementor-element-populated\">\n\t\t\t\t\t\t<div class=\"elementor-element elementor-element-d6c05f4 elementor-widget elementor-widget-image\" data-id=\"d6c05f4\" data-element_type=\"widget\" data-widget_type=\"image.default\">\n\t\t\t\t<div class=\"elementor-widget-container\">\n\t\t\t\t\t\t\t\t\t\t\t\t\t\t\t<img decoding=\"async\" width=\"225\" height=\"62\" src=\"https:\/\/new.aegeanconsulting.gr\/wp-content\/uploads\/2023\/06\/Finance-Accounting-Awards-Silver-2023.png\" class=\"attachment-2048x2048 size-2048x2048 wp-image-14073\" alt=\"\" \/>\t\t\t\t\t\t\t\t\t\t\t\t\t\t\t<\/div>\n\t\t\t\t<\/div>\n\t\t\t\t\t<\/div>\n\t\t<\/div>\n\t\t\t\t<div class=\"elementor-column elementor-col-50 elementor-inner-column elementor-element elementor-element-441ed7c\" data-id=\"441ed7c\" data-element_type=\"column\">\n\t\t\t<div class=\"elementor-widget-wrap elementor-element-populated\">\n\t\t\t\t\t\t<div class=\"elementor-element elementor-element-61894f5 elementor-widget elementor-widget-image\" data-id=\"61894f5\" data-element_type=\"widget\" data-widget_type=\"image.default\">\n\t\t\t\t<div class=\"elementor-widget-container\">\n\t\t\t\t\t\t\t\t\t\t\t\t\t\t\t<img decoding=\"async\" width=\"225\" height=\"62\" src=\"https:\/\/new.aegeanconsulting.gr\/wp-content\/uploads\/2023\/06\/Finance-Accounting-Awards-Bronze-2023.png\" class=\"attachment-large size-large wp-image-14077\" alt=\"\" \/>\t\t\t\t\t\t\t\t\t\t\t\t\t\t\t<\/div>\n\t\t\t\t<\/div>\n\t\t\t\t\t<\/div>\n\t\t<\/div>\n\t\t\t\t\t<\/div>\n\t\t<\/section>\n\t\t\t\t\t<\/div>\n\t\t<\/div>\n\t\t\t\t\t<\/div>\n\t\t<\/section>\n\t\t\t\t<section class=\"elementor-section elementor-top-section elementor-element elementor-element-3f7c3ca elementor-section-boxed elementor-section-height-default elementor-section-height-default\" data-id=\"3f7c3ca\" data-element_type=\"section\">\n\t\t\t\t\t\t<div class=\"elementor-container elementor-column-gap-default\">\n\t\t\t\t\t<div class=\"elementor-column elementor-col-50 elementor-top-column elementor-element elementor-element-9b1aa1d\" data-id=\"9b1aa1d\" data-element_type=\"column\">\n\t\t\t<div class=\"elementor-widget-wrap elementor-element-populated\">\n\t\t\t\t\t\t<div class=\"elementor-element elementor-element-9241a58 elementor-widget elementor-widget-heading\" data-id=\"9241a58\" data-element_type=\"widget\" data-widget_type=\"heading.default\">\n\t\t\t\t<div class=\"elementor-widget-container\">\n\t\t\t\t\t<h2 class=\"elementor-heading-title elementor-size-default\">2022<\/h2>\t\t\t\t<\/div>\n\t\t\t\t<\/div>\n\t\t\t\t<div class=\"elementor-element elementor-element-c0a5619 elementor-widget-divider--view-line elementor-widget elementor-widget-divider\" data-id=\"c0a5619\" data-element_type=\"widget\" data-widget_type=\"divider.default\">\n\t\t\t\t<div class=\"elementor-widget-container\">\n\t\t\t\t\t\t\t<div class=\"elementor-divider\">\n\t\t\t<span class=\"elementor-divider-separator\">\n\t\t\t\t\t\t<\/span>\n\t\t<\/div>\n\t\t\t\t\t\t<\/div>\n\t\t\t\t<\/div>\n\t\t\t\t<div class=\"elementor-element elementor-element-95b9818 elementor-widget elementor-widget-text-editor\" data-id=\"95b9818\" data-element_type=\"widget\" data-widget_type=\"text-editor.default\">\n\t\t\t\t<div class=\"elementor-widget-container\">\n\t\t\t\t\t\t\t\t\tT\u00fcm i\u015f d\u00fcnyas\u0131 i\u00e7in bir\u00e7ok zorlu\u011fun ya\u015fand\u0131\u011f\u0131 bir y\u0131lda, <strong>Denizcilik Sekt\u00f6r\u00fcnde Yeniden Yap\u0131lanma konusunda<\/strong> denizcilik sekt\u00f6r\u00fcndeki \u00f6d\u00fcl\u00fcm\u00fcz\u00fc sizlere sunmaktan b\u00fcy\u00fck bir mutluluk ve gurur duyuyoruz.\n\nMuhasebe ve dan\u0131\u015fmanl\u0131k sekt\u00f6r\u00fcndeki k\u00f6kl\u00fc firmalarla yapt\u0131\u011f\u0131m\u0131z rekabette, ilerleyen y\u0131llarda daha fazla fark yaratmak hedefiyle 1. derecemizi almay\u0131 ba\u015fard\u0131k.\t\t\t\t\t\t\t\t<\/div>\n\t\t\t\t<\/div>\n\t\t\t\t<div class=\"elementor-element elementor-element-76864d7 elementor-widget elementor-widget-image\" data-id=\"76864d7\" data-element_type=\"widget\" data-widget_type=\"image.default\">\n\t\t\t\t<div class=\"elementor-widget-container\">\n\t\t\t\t\t\t\t\t\t\t\t\t\t\t\t<img loading=\"lazy\" decoding=\"async\" width=\"225\" height=\"62\" src=\"https:\/\/new.aegeanconsulting.gr\/wp-content\/uploads\/2023\/06\/accounting-awards-2022.png\" class=\"attachment-large size-large wp-image-14068\" alt=\"\" \/>\t\t\t\t\t\t\t\t\t\t\t\t\t\t\t<\/div>\n\t\t\t\t<\/div>\n\t\t\t\t\t<\/div>\n\t\t<\/div>\n\t\t\t\t<div class=\"elementor-column elementor-col-50 elementor-top-column elementor-element elementor-element-ba8e568\" data-id=\"ba8e568\" data-element_type=\"column\">\n\t\t\t<div class=\"elementor-widget-wrap elementor-element-populated\">\n\t\t\t\t\t\t<div class=\"elementor-element elementor-element-c9fa989 elementor-widget elementor-widget-image\" data-id=\"c9fa989\" data-element_type=\"widget\" data-widget_type=\"image.default\">\n\t\t\t\t<div class=\"elementor-widget-container\">\n\t\t\t\t\t\t\t\t\t\t\t\t\t\t\t<img loading=\"lazy\" decoding=\"async\" width=\"800\" height=\"800\" src=\"https:\/\/new.aegeanconsulting.gr\/wp-content\/uploads\/2023\/09\/F-1-1024x1024-1.jpg\" class=\"attachment-large size-large wp-image-16841\" alt=\"\" srcset=\"https:\/\/new.aegeanconsulting.gr\/wp-content\/uploads\/2023\/09\/F-1-1024x1024-1.jpg 1024w, https:\/\/new.aegeanconsulting.gr\/wp-content\/uploads\/2023\/09\/F-1-1024x1024-1-300x300.jpg 300w, https:\/\/new.aegeanconsulting.gr\/wp-content\/uploads\/2023\/09\/F-1-1024x1024-1-150x150.jpg 150w, https:\/\/new.aegeanconsulting.gr\/wp-content\/uploads\/2023\/09\/F-1-1024x1024-1-768x768.jpg 768w\" sizes=\"(max-width: 800px) 100vw, 800px\" \/>\t\t\t\t\t\t\t\t\t\t\t\t\t\t\t<\/div>\n\t\t\t\t<\/div>\n\t\t\t\t\t<\/div>\n\t\t<\/div>\n\t\t\t\t\t<\/div>\n\t\t<\/section>\n\t\t\t\t<section class=\"elementor-section elementor-top-section elementor-element elementor-element-0c8c8f7 elementor-section-boxed elementor-section-height-default elementor-section-height-default\" data-id=\"0c8c8f7\" data-element_type=\"section\">\n\t\t\t\t\t\t<div class=\"elementor-container elementor-column-gap-default\">\n\t\t\t\t\t<div class=\"elementor-column elementor-col-100 elementor-top-column elementor-element elementor-element-d8057a2\" data-id=\"d8057a2\" data-element_type=\"column\">\n\t\t\t<div class=\"elementor-widget-wrap\">\n\t\t\t\t\t\t\t<\/div>\n\t\t<\/div>\n\t\t\t\t\t<\/div>\n\t\t<\/section>\n\t\t\t\t<\/div>\n\t\t","protected":false},"excerpt":{"rendered":"<p>\u00d6d\u00fcller 2023 Bu y\u0131l\u0131n Muhasebe \u00d6d\u00fclleri&#8216;nde kazand\u0131\u011f\u0131m\u0131z iki \u00f6d\u00fcl\u00fc 2. y\u0131ld\u0131r sunmaktan gurur duyuyoruz. Biri Bordro Hizmetleri ile ilgili, di\u011feri ise m\u00fc\u015fterilerimize ba\u015far\u0131yla sundu\u011fumuz Finansman Bulma Hizmetleri ile ilgili. Sekt\u00f6rden ald\u0131\u011f\u0131m\u0131z \u00f6d\u00fcl bizi hem sevindiriyor, hem de giderek daha y\u00fcksek standartlar\u0131 kar\u015f\u0131lama sorumlulu\u011fuyla dolduruyor. 2022 T\u00fcm i\u015f d\u00fcnyas\u0131 i\u00e7in bir\u00e7ok zorlu\u011fun ya\u015fand\u0131\u011f\u0131 bir y\u0131lda, Denizcilik [&hellip;]<\/p>\n","protected":false},"author":28,"featured_media":0,"parent":0,"menu_order":0,"comment_status":"closed","ping_status":"closed","template":"elementor_header_footer","meta":{"footnotes":""},"class_list":["post-17039","page","type-page","status-publish","hentry"],"yoast_head":"<!-- This site is optimized with the Yoast SEO plugin v26.5 - https:\/\/yoast.com\/wordpress\/plugins\/seo\/ -->\n<title>\u03a4\u03b1 \u03b2\u03c1\u03b1\u03b2\u03b5\u03af\u03b1 \u03bc\u03b1\u03c2 | aegeanconsulting.gr<\/title>\n<meta name=\"robots\" content=\"noindex, follow, max-snippet:-1, max-image-preview:large, max-video-preview:-1\" \/>\n<meta property=\"og:locale\" content=\"tr_TR\" \/>\n<meta property=\"og:type\" content=\"article\" \/>\n<meta property=\"og:title\" content=\"\u03a4\u03b1 \u03b2\u03c1\u03b1\u03b2\u03b5\u03af\u03b1 \u03bc\u03b1\u03c2 | aegeanconsulting.gr\" \/>\n<meta property=\"og:description\" content=\"\u00d6d\u00fcller 2023 Bu y\u0131l\u0131n Muhasebe \u00d6d\u00fclleri&#8216;nde kazand\u0131\u011f\u0131m\u0131z iki \u00f6d\u00fcl\u00fc 2. y\u0131ld\u0131r sunmaktan gurur duyuyoruz. Biri Bordro Hizmetleri ile ilgili, di\u011feri ise m\u00fc\u015fterilerimize ba\u015far\u0131yla sundu\u011fumuz Finansman Bulma Hizmetleri ile ilgili. Sekt\u00f6rden ald\u0131\u011f\u0131m\u0131z \u00f6d\u00fcl bizi hem sevindiriyor, hem de giderek daha y\u00fcksek standartlar\u0131 kar\u015f\u0131lama sorumlulu\u011fuyla dolduruyor. 2022 T\u00fcm i\u015f d\u00fcnyas\u0131 i\u00e7in bir\u00e7ok zorlu\u011fun ya\u015fand\u0131\u011f\u0131 bir y\u0131lda, Denizcilik [&hellip;]\" \/>\n<meta property=\"og:url\" content=\"https:\/\/aegeanconsulting.gr\/tr\/awards\/\" \/>\n<meta property=\"og:site_name\" content=\"aegeanconsulting.gr\" \/>\n<meta property=\"article:modified_time\" content=\"2023-09-29T08:37:27+00:00\" \/>\n<meta property=\"og:image\" content=\"https:\/\/aegeanconsulting.gr\/wp-content\/uploads\/2023\/09\/Frame-17-1024x1024.png\" \/>\n<meta name=\"twitter:label1\" content=\"Est. reading time\" \/>\n\t<meta name=\"twitter:data1\" content=\"2 minutes\" \/>\n<script type=\"application\/ld+json\" class=\"yoast-schema-graph\">{\"@context\":\"https:\/\/schema.org\",\"@graph\":[{\"@type\":\"WebPage\",\"@id\":\"https:\/\/aegeanconsulting.gr\/tr\/awards\/\",\"url\":\"https:\/\/aegeanconsulting.gr\/tr\/awards\/\",\"name\":\"\u03a4\u03b1 \u03b2\u03c1\u03b1\u03b2\u03b5\u03af\u03b1 \u03bc\u03b1\u03c2 | aegeanconsulting.gr\",\"isPartOf\":{\"@id\":\"https:\/\/aegeanconsulting.gr\/#website\"},\"primaryImageOfPage\":{\"@id\":\"https:\/\/aegeanconsulting.gr\/tr\/awards\/#primaryimage\"},\"image\":{\"@id\":\"https:\/\/aegeanconsulting.gr\/tr\/awards\/#primaryimage\"},\"thumbnailUrl\":\"https:\/\/new.aegeanconsulting.gr\/wp-content\/uploads\/2023\/09\/Frame-17-1024x1024.png\",\"datePublished\":\"2023-09-29T07:17:03+00:00\",\"dateModified\":\"2023-09-29T08:37:27+00:00\",\"breadcrumb\":{\"@id\":\"https:\/\/aegeanconsulting.gr\/tr\/awards\/#breadcrumb\"},\"inLanguage\":\"tr\",\"potentialAction\":[{\"@type\":\"ReadAction\",\"target\":[\"https:\/\/aegeanconsulting.gr\/tr\/awards\/\"]}]},{\"@type\":\"ImageObject\",\"inLanguage\":\"tr\",\"@id\":\"https:\/\/aegeanconsulting.gr\/tr\/awards\/#primaryimage\",\"url\":\"https:\/\/new.aegeanconsulting.gr\/wp-content\/uploads\/2023\/09\/Frame-17-1024x1024.png\",\"contentUrl\":\"https:\/\/new.aegeanconsulting.gr\/wp-content\/uploads\/2023\/09\/Frame-17-1024x1024.png\"},{\"@type\":\"BreadcrumbList\",\"@id\":\"https:\/\/aegeanconsulting.gr\/tr\/awards\/#breadcrumb\",\"itemListElement\":[{\"@type\":\"ListItem\",\"position\":1,\"name\":\"Ev\",\"item\":\"https:\/\/aegeanconsulting.gr\/tr\/home-2\/\"},{\"@type\":\"ListItem\",\"position\":2,\"name\":\"\u03a4\u03b1 \u03b2\u03c1\u03b1\u03b2\u03b5\u03af\u03b1 \u03bc\u03b1\u03c2\"}]},{\"@type\":\"WebSite\",\"@id\":\"https:\/\/aegeanconsulting.gr\/#website\",\"url\":\"https:\/\/aegeanconsulting.gr\/\",\"name\":\"aegeanconsulting.gr\",\"description\":\"Legal and Accounting Services in Greece\",\"publisher\":{\"@id\":\"https:\/\/aegeanconsulting.gr\/#organization\"},\"potentialAction\":[{\"@type\":\"SearchAction\",\"target\":{\"@type\":\"EntryPoint\",\"urlTemplate\":\"https:\/\/aegeanconsulting.gr\/?s={search_term_string}\"},\"query-input\":{\"@type\":\"PropertyValueSpecification\",\"valueRequired\":true,\"valueName\":\"search_term_string\"}}],\"inLanguage\":\"tr\"},{\"@type\":\"Organization\",\"@id\":\"https:\/\/aegeanconsulting.gr\/#organization\",\"name\":\"aegeanconsulting.gr\",\"url\":\"https:\/\/aegeanconsulting.gr\/\",\"logo\":{\"@type\":\"ImageObject\",\"inLanguage\":\"tr\",\"@id\":\"https:\/\/aegeanconsulting.gr\/#\/schema\/logo\/image\/\",\"url\":\"https:\/\/new.aegeanconsulting.gr\/wp-content\/uploads\/2023\/06\/aegean-consulting-logo.svg\",\"contentUrl\":\"https:\/\/new.aegeanconsulting.gr\/wp-content\/uploads\/2023\/06\/aegean-consulting-logo.svg\",\"width\":244,\"height\":81,\"caption\":\"aegeanconsulting.gr\"},\"image\":{\"@id\":\"https:\/\/aegeanconsulting.gr\/#\/schema\/logo\/image\/\"}}]}<\/script>\n<!-- \/ Yoast SEO plugin. -->","yoast_head_json":{"title":"\u03a4\u03b1 \u03b2\u03c1\u03b1\u03b2\u03b5\u03af\u03b1 \u03bc\u03b1\u03c2 | aegeanconsulting.gr","robots":{"index":"noindex","follow":"follow","max-snippet":"max-snippet:-1","max-image-preview":"max-image-preview:large","max-video-preview":"max-video-preview:-1"},"og_locale":"tr_TR","og_type":"article","og_title":"\u03a4\u03b1 \u03b2\u03c1\u03b1\u03b2\u03b5\u03af\u03b1 \u03bc\u03b1\u03c2 | aegeanconsulting.gr","og_description":"\u00d6d\u00fcller 2023 Bu y\u0131l\u0131n Muhasebe \u00d6d\u00fclleri&#8216;nde kazand\u0131\u011f\u0131m\u0131z iki \u00f6d\u00fcl\u00fc 2. y\u0131ld\u0131r sunmaktan gurur duyuyoruz. Biri Bordro Hizmetleri ile ilgili, di\u011feri ise m\u00fc\u015fterilerimize ba\u015far\u0131yla sundu\u011fumuz Finansman Bulma Hizmetleri ile ilgili. Sekt\u00f6rden ald\u0131\u011f\u0131m\u0131z \u00f6d\u00fcl bizi hem sevindiriyor, hem de giderek daha y\u00fcksek standartlar\u0131 kar\u015f\u0131lama sorumlulu\u011fuyla dolduruyor. 2022 T\u00fcm i\u015f d\u00fcnyas\u0131 i\u00e7in bir\u00e7ok zorlu\u011fun ya\u015fand\u0131\u011f\u0131 bir y\u0131lda, Denizcilik [&hellip;]","og_url":"https:\/\/aegeanconsulting.gr\/tr\/awards\/","og_site_name":"aegeanconsulting.gr","article_modified_time":"2023-09-29T08:37:27+00:00","og_image":[{"url":"https:\/\/aegeanconsulting.gr\/wp-content\/uploads\/2023\/09\/Frame-17-1024x1024.png","type":"","width":"","height":""}],"twitter_misc":{"Est. reading time":"2 minutes"},"schema":{"@context":"https:\/\/schema.org","@graph":[{"@type":"WebPage","@id":"https:\/\/aegeanconsulting.gr\/tr\/awards\/","url":"https:\/\/aegeanconsulting.gr\/tr\/awards\/","name":"\u03a4\u03b1 \u03b2\u03c1\u03b1\u03b2\u03b5\u03af\u03b1 \u03bc\u03b1\u03c2 | aegeanconsulting.gr","isPartOf":{"@id":"https:\/\/aegeanconsulting.gr\/#website"},"primaryImageOfPage":{"@id":"https:\/\/aegeanconsulting.gr\/tr\/awards\/#primaryimage"},"image":{"@id":"https:\/\/aegeanconsulting.gr\/tr\/awards\/#primaryimage"},"thumbnailUrl":"https:\/\/new.aegeanconsulting.gr\/wp-content\/uploads\/2023\/09\/Frame-17-1024x1024.png","datePublished":"2023-09-29T07:17:03+00:00","dateModified":"2023-09-29T08:37:27+00:00","breadcrumb":{"@id":"https:\/\/aegeanconsulting.gr\/tr\/awards\/#breadcrumb"},"inLanguage":"tr","potentialAction":[{"@type":"ReadAction","target":["https:\/\/aegeanconsulting.gr\/tr\/awards\/"]}]},{"@type":"ImageObject","inLanguage":"tr","@id":"https:\/\/aegeanconsulting.gr\/tr\/awards\/#primaryimage","url":"https:\/\/new.aegeanconsulting.gr\/wp-content\/uploads\/2023\/09\/Frame-17-1024x1024.png","contentUrl":"https:\/\/new.aegeanconsulting.gr\/wp-content\/uploads\/2023\/09\/Frame-17-1024x1024.png"},{"@type":"BreadcrumbList","@id":"https:\/\/aegeanconsulting.gr\/tr\/awards\/#breadcrumb","itemListElement":[{"@type":"ListItem","position":1,"name":"Ev","item":"https:\/\/aegeanconsulting.gr\/tr\/home-2\/"},{"@type":"ListItem","position":2,"name":"\u03a4\u03b1 \u03b2\u03c1\u03b1\u03b2\u03b5\u03af\u03b1 \u03bc\u03b1\u03c2"}]},{"@type":"WebSite","@id":"https:\/\/aegeanconsulting.gr\/#website","url":"https:\/\/aegeanconsulting.gr\/","name":"aegeanconsulting.gr","description":"Legal and Accounting Services in Greece","publisher":{"@id":"https:\/\/aegeanconsulting.gr\/#organization"},"potentialAction":[{"@type":"SearchAction","target":{"@type":"EntryPoint","urlTemplate":"https:\/\/aegeanconsulting.gr\/?s={search_term_string}"},"query-input":{"@type":"PropertyValueSpecification","valueRequired":true,"valueName":"search_term_string"}}],"inLanguage":"tr"},{"@type":"Organization","@id":"https:\/\/aegeanconsulting.gr\/#organization","name":"aegeanconsulting.gr","url":"https:\/\/aegeanconsulting.gr\/","logo":{"@type":"ImageObject","inLanguage":"tr","@id":"https:\/\/aegeanconsulting.gr\/#\/schema\/logo\/image\/","url":"https:\/\/new.aegeanconsulting.gr\/wp-content\/uploads\/2023\/06\/aegean-consulting-logo.svg","contentUrl":"https:\/\/new.aegeanconsulting.gr\/wp-content\/uploads\/2023\/06\/aegean-consulting-logo.svg","width":244,"height":81,"caption":"aegeanconsulting.gr"},"image":{"@id":"https:\/\/aegeanconsulting.gr\/#\/schema\/logo\/image\/"}}]}},"_links":{"self":[{"href":"https:\/\/new.aegeanconsulting.gr\/tr\/wp-json\/wp\/v2\/pages\/17039","targetHints":{"allow":["GET"]}}],"collection":[{"href":"https:\/\/new.aegeanconsulting.gr\/tr\/wp-json\/wp\/v2\/pages"}],"about":[{"href":"https:\/\/new.aegeanconsulting.gr\/tr\/wp-json\/wp\/v2\/types\/page"}],"author":[{"embeddable":true,"href":"https:\/\/new.aegeanconsulting.gr\/tr\/wp-json\/wp\/v2\/users\/28"}],"replies":[{"embeddable":true,"href":"https:\/\/new.aegeanconsulting.gr\/tr\/wp-json\/wp\/v2\/comments?post=17039"}],"version-history":[{"count":3,"href":"https:\/\/new.aegeanconsulting.gr\/tr\/wp-json\/wp\/v2\/pages\/17039\/revisions"}],"predecessor-version":[{"id":17113,"href":"https:\/\/new.aegeanconsulting.gr\/tr\/wp-json\/wp\/v2\/pages\/17039\/revisions\/17113"}],"wp:attachment":[{"href":"https:\/\/new.aegeanconsulting.gr\/tr\/wp-json\/wp\/v2\/media?parent=17039"}],"curies":[{"name":"wp","href":"https:\/\/api.w.org\/{rel}","templated":true}]}}