{"id":17129,"date":"2023-09-29T11:47:50","date_gmt":"2023-09-29T08:47:50","guid":{"rendered":"https:\/\/aegeanconsulting.gr\/is-kurma-ve-destek\/"},"modified":"2023-09-29T11:47:50","modified_gmt":"2023-09-29T08:47:50","slug":"is-kurma-ve-destek","status":"publish","type":"page","link":"https:\/\/new.aegeanconsulting.gr\/tr\/is-kurma-ve-destek\/","title":{"rendered":"\u0130\u015e KURMA VE DESTEK"},"content":{"rendered":"\t\t<div data-elementor-type=\"wp-page\" data-elementor-id=\"17129\" class=\"elementor elementor-17129 elementor-4923\" data-elementor-post-type=\"page\">\n\t\t\t\t\t\t<section class=\"elementor-section elementor-top-section elementor-element elementor-element-33eb9f47 elementor-section-boxed elementor-section-height-default elementor-section-height-default\" data-id=\"33eb9f47\" data-element_type=\"section\">\n\t\t\t\t\t\t<div class=\"elementor-container elementor-column-gap-default\">\n\t\t\t\t\t<div class=\"elementor-column elementor-col-100 elementor-top-column elementor-element elementor-element-47327374\" data-id=\"47327374\" data-element_type=\"column\">\n\t\t\t<div class=\"elementor-widget-wrap elementor-element-populated\">\n\t\t\t\t\t\t<div class=\"elementor-element elementor-element-7fe2b533 elementor-widget elementor-widget-text-editor\" data-id=\"7fe2b533\" data-element_type=\"widget\" data-widget_type=\"text-editor.default\">\n\t\t\t\t<div class=\"elementor-widget-container\">\n\t\t\t\t\t\t\t\t\t<p style=\"text-align: justify;\"><strong>Aegean Consulting<\/strong>&#8216;in operat\u00f6r\u00fc ve ortaklar\u0131, i\u015f planlamas\u0131 konusunda m\u00fckemmel bilgiye sahiptir.<\/p>\n<p style=\"text-align: justify ; \"><strong>A\u015fa\u011f\u0131dakilerle ilgili <span class=\"focus\">i\u015f deste\u011fi<\/span> sa\u011flarlar:<\/strong><\/p>\n<p>A) \u0130\u015f yap\u0131s\u0131 sorunlar\u0131na \u00e7\u00f6z\u00fcmler.<br \/>B) Teklifler zamandan ve maliyetten tasarruf etmek i\u00e7in i\u015fletmenin i\u015flevselli\u011fi ile ilgili.<br \/>C) \u0130\u015fletmenin Yasal Formunun, her giri\u015fimcinin ihtiya\u00e7lar\u0131na m\u00fckemmel \u015fekilde uygun olarak tasarlanmas\u0131.<br \/>D) Kolayla\u015ft\u0131rma ve ba\u015far\u0131ya ula\u015fma i\u00e7in Hukuki Dan\u0131\u015fmanl\u0131k Yasal tuzaklar olmaks\u0131z\u0131n her i\u015fletmenin amac\u0131. Kurumsal ve ki\u015fisel davalarda deneyim ve uzmanl\u0131\u011fa sahip ortak avukatlardan her t\u00fcrden Tam Hukuki Destek.<br \/>E) Her i\u015fletmenin ihtiya\u00e7lar\u0131na g\u00f6re \u00f6zel olarak tasarlanm\u0131\u015f bilgisayarla\u015ft\u0131rma \u00f6nerileri. \u00d6nerdi\u011fimiz t\u00fcm bilgisayarla\u015fma program\u0131 \u00f6nerileri m\u00fc\u015fterilerimiz veya ortaklar\u0131m\u0131z taraf\u0131ndan test edilmi\u015f ve tam bir ba\u015far\u0131 ile \u00e7al\u0131\u015fm\u0131\u015ft\u0131r.<\/p>\n<blockquote>\n<p style=\"text-align: justify;\">Aegean Consulting<\/strong> <'i desteklemektedir. span class=\"focus\">yeni bir i\u015fletmenin yarat\u0131lmas\u0131<\/span>, geli\u015fiminin t\u00fcm a\u015famalar\u0131nda ve ayr\u0131ca yat\u0131r\u0131mlar\u0131n ve sat\u0131n almalar\u0131n de\u011ferlendirilmesinde. T\u00fcm sekt\u00f6rlerdeki i\u015fletmelerin y\u00f6netim ilkelerine, stratejisine ve deneyimine dayal\u0131 i\u015f tavsiyeleri sunar.<\/p>\n<\/blockquote>\n<p style=\"text-align: justify;\"><strong>\u0130\u015fletme Hizmetleri<\/strong> <\/strong> p><\/p>\n<ul class=\"square\">\n<li>Bireysel bir i\u015f kuran O.E. , E.E., I.K.E., E.P.E., S.A.<\/li>\n<li>De\u011fi\u015fiklikler ve birle\u015fmeler \u2013 t\u00fcm i\u015fletmelerin herhangi bir bi\u00e7imde d\u00f6n\u00fc\u015ft\u00fcr\u00fclmesi.<\/li>\n<li> \u0130\u015fletme s\u00fcbvansiyonlar\u0131<\/li>\n<\/ul>\n\t\t\t\t\t\t\t\t<\/div>\n\t\t\t\t<\/div>\n\t\t\t\t\t<\/div>\n\t\t<\/div>\n\t\t\t\t\t<\/div>\n\t\t<\/section>\n\t\t\t\t<\/div>\n\t\t","protected":false},"excerpt":{"rendered":"<p>Aegean Consulting&#8216;in operat\u00f6r\u00fc ve ortaklar\u0131, i\u015f planlamas\u0131 konusunda m\u00fckemmel bilgiye sahiptir. A\u015fa\u011f\u0131dakilerle ilgili i\u015f deste\u011fi sa\u011flarlar: A) \u0130\u015f yap\u0131s\u0131 sorunlar\u0131na \u00e7\u00f6z\u00fcmler.B) Teklifler zamandan ve maliyetten tasarruf etmek i\u00e7in i\u015fletmenin i\u015flevselli\u011fi ile ilgili.C) \u0130\u015fletmenin Yasal Formunun, her giri\u015fimcinin ihtiya\u00e7lar\u0131na m\u00fckemmel \u015fekilde uygun olarak tasarlanmas\u0131.D) Kolayla\u015ft\u0131rma ve ba\u015far\u0131ya ula\u015fma i\u00e7in Hukuki Dan\u0131\u015fmanl\u0131k Yasal tuzaklar olmaks\u0131z\u0131n her i\u015fletmenin [&hellip;]<\/p>\n","protected":false},"author":17,"featured_media":0,"parent":0,"menu_order":1,"comment_status":"closed","ping_status":"closed","template":"","meta":{"footnotes":""},"class_list":["post-17129","page","type-page","status-publish","hentry"],"yoast_head":"<!-- This site is optimized with the Yoast SEO plugin v26.5 - https:\/\/yoast.com\/wordpress\/plugins\/seo\/ -->\n<title>\u0130\u015e \u00d6NER\u0130S\u0130<\/title>\n<meta name=\"description\" content=\"Hukuk ve muhasebe kapsam\u0131yla i\u015f kurma ve destek\" \/>\n<meta name=\"robots\" content=\"noindex, follow, max-snippet:-1, max-image-preview:large, max-video-preview:-1\" \/>\n<meta property=\"og:locale\" content=\"tr_TR\" \/>\n<meta property=\"og:type\" content=\"article\" \/>\n<meta property=\"og:title\" content=\"\u0130\u015e \u00d6NER\u0130S\u0130\" \/>\n<meta property=\"og:description\" content=\"Hukuk ve muhasebe kapsam\u0131yla i\u015f kurma ve destek\" \/>\n<meta property=\"og:url\" content=\"https:\/\/aegeanconsulting.gr\/tr\/is-kurma-ve-destek\/\" \/>\n<meta property=\"og:site_name\" content=\"aegeanconsulting.gr\" \/>\n<meta name=\"twitter:label1\" content=\"Est. reading time\" \/>\n\t<meta name=\"twitter:data1\" content=\"1 minute\" \/>\n<script type=\"application\/ld+json\" class=\"yoast-schema-graph\">{\"@context\":\"https:\/\/schema.org\",\"@graph\":[{\"@type\":\"WebPage\",\"@id\":\"https:\/\/aegeanconsulting.gr\/tr\/is-kurma-ve-destek\/\",\"url\":\"https:\/\/aegeanconsulting.gr\/tr\/is-kurma-ve-destek\/\",\"name\":\"\u0130\u015e \u00d6NER\u0130S\u0130\",\"isPartOf\":{\"@id\":\"https:\/\/aegeanconsulting.gr\/#website\"},\"datePublished\":\"2023-09-29T08:47:50+00:00\",\"description\":\"Hukuk ve muhasebe kapsam\u0131yla i\u015f kurma ve destek\",\"breadcrumb\":{\"@id\":\"https:\/\/aegeanconsulting.gr\/tr\/is-kurma-ve-destek\/#breadcrumb\"},\"inLanguage\":\"tr\",\"potentialAction\":[{\"@type\":\"ReadAction\",\"target\":[\"https:\/\/aegeanconsulting.gr\/tr\/is-kurma-ve-destek\/\"]}]},{\"@type\":\"BreadcrumbList\",\"@id\":\"https:\/\/aegeanconsulting.gr\/tr\/is-kurma-ve-destek\/#breadcrumb\",\"itemListElement\":[{\"@type\":\"ListItem\",\"position\":1,\"name\":\"Ev\",\"item\":\"https:\/\/aegeanconsulting.gr\/tr\/home-2\/\"},{\"@type\":\"ListItem\",\"position\":2,\"name\":\"\u0130\u015e KURMA VE DESTEK\"}]},{\"@type\":\"WebSite\",\"@id\":\"https:\/\/aegeanconsulting.gr\/#website\",\"url\":\"https:\/\/aegeanconsulting.gr\/\",\"name\":\"aegeanconsulting.gr\",\"description\":\"Legal and Accounting Services in Greece\",\"publisher\":{\"@id\":\"https:\/\/aegeanconsulting.gr\/#organization\"},\"potentialAction\":[{\"@type\":\"SearchAction\",\"target\":{\"@type\":\"EntryPoint\",\"urlTemplate\":\"https:\/\/aegeanconsulting.gr\/?s={search_term_string}\"},\"query-input\":{\"@type\":\"PropertyValueSpecification\",\"valueRequired\":true,\"valueName\":\"search_term_string\"}}],\"inLanguage\":\"tr\"},{\"@type\":\"Organization\",\"@id\":\"https:\/\/aegeanconsulting.gr\/#organization\",\"name\":\"aegeanconsulting.gr\",\"url\":\"https:\/\/aegeanconsulting.gr\/\",\"logo\":{\"@type\":\"ImageObject\",\"inLanguage\":\"tr\",\"@id\":\"https:\/\/aegeanconsulting.gr\/#\/schema\/logo\/image\/\",\"url\":\"https:\/\/new.aegeanconsulting.gr\/wp-content\/uploads\/2023\/06\/aegean-consulting-logo.svg\",\"contentUrl\":\"https:\/\/new.aegeanconsulting.gr\/wp-content\/uploads\/2023\/06\/aegean-consulting-logo.svg\",\"width\":244,\"height\":81,\"caption\":\"aegeanconsulting.gr\"},\"image\":{\"@id\":\"https:\/\/aegeanconsulting.gr\/#\/schema\/logo\/image\/\"}}]}<\/script>\n<!-- \/ Yoast SEO plugin. -->","yoast_head_json":{"title":"\u0130\u015e \u00d6NER\u0130S\u0130","description":"Hukuk ve muhasebe kapsam\u0131yla i\u015f kurma ve destek","robots":{"index":"noindex","follow":"follow","max-snippet":"max-snippet:-1","max-image-preview":"max-image-preview:large","max-video-preview":"max-video-preview:-1"},"og_locale":"tr_TR","og_type":"article","og_title":"\u0130\u015e \u00d6NER\u0130S\u0130","og_description":"Hukuk ve muhasebe kapsam\u0131yla i\u015f kurma ve destek","og_url":"https:\/\/aegeanconsulting.gr\/tr\/is-kurma-ve-destek\/","og_site_name":"aegeanconsulting.gr","twitter_misc":{"Est. reading time":"1 minute"},"schema":{"@context":"https:\/\/schema.org","@graph":[{"@type":"WebPage","@id":"https:\/\/aegeanconsulting.gr\/tr\/is-kurma-ve-destek\/","url":"https:\/\/aegeanconsulting.gr\/tr\/is-kurma-ve-destek\/","name":"\u0130\u015e \u00d6NER\u0130S\u0130","isPartOf":{"@id":"https:\/\/aegeanconsulting.gr\/#website"},"datePublished":"2023-09-29T08:47:50+00:00","description":"Hukuk ve muhasebe kapsam\u0131yla i\u015f kurma ve destek","breadcrumb":{"@id":"https:\/\/aegeanconsulting.gr\/tr\/is-kurma-ve-destek\/#breadcrumb"},"inLanguage":"tr","potentialAction":[{"@type":"ReadAction","target":["https:\/\/aegeanconsulting.gr\/tr\/is-kurma-ve-destek\/"]}]},{"@type":"BreadcrumbList","@id":"https:\/\/aegeanconsulting.gr\/tr\/is-kurma-ve-destek\/#breadcrumb","itemListElement":[{"@type":"ListItem","position":1,"name":"Ev","item":"https:\/\/aegeanconsulting.gr\/tr\/home-2\/"},{"@type":"ListItem","position":2,"name":"\u0130\u015e KURMA VE DESTEK"}]},{"@type":"WebSite","@id":"https:\/\/aegeanconsulting.gr\/#website","url":"https:\/\/aegeanconsulting.gr\/","name":"aegeanconsulting.gr","description":"Legal and Accounting Services in Greece","publisher":{"@id":"https:\/\/aegeanconsulting.gr\/#organization"},"potentialAction":[{"@type":"SearchAction","target":{"@type":"EntryPoint","urlTemplate":"https:\/\/aegeanconsulting.gr\/?s={search_term_string}"},"query-input":{"@type":"PropertyValueSpecification","valueRequired":true,"valueName":"search_term_string"}}],"inLanguage":"tr"},{"@type":"Organization","@id":"https:\/\/aegeanconsulting.gr\/#organization","name":"aegeanconsulting.gr","url":"https:\/\/aegeanconsulting.gr\/","logo":{"@type":"ImageObject","inLanguage":"tr","@id":"https:\/\/aegeanconsulting.gr\/#\/schema\/logo\/image\/","url":"https:\/\/new.aegeanconsulting.gr\/wp-content\/uploads\/2023\/06\/aegean-consulting-logo.svg","contentUrl":"https:\/\/new.aegeanconsulting.gr\/wp-content\/uploads\/2023\/06\/aegean-consulting-logo.svg","width":244,"height":81,"caption":"aegeanconsulting.gr"},"image":{"@id":"https:\/\/aegeanconsulting.gr\/#\/schema\/logo\/image\/"}}]}},"_links":{"self":[{"href":"https:\/\/new.aegeanconsulting.gr\/tr\/wp-json\/wp\/v2\/pages\/17129","targetHints":{"allow":["GET"]}}],"collection":[{"href":"https:\/\/new.aegeanconsulting.gr\/tr\/wp-json\/wp\/v2\/pages"}],"about":[{"href":"https:\/\/new.aegeanconsulting.gr\/tr\/wp-json\/wp\/v2\/types\/page"}],"author":[{"embeddable":true,"href":"https:\/\/new.aegeanconsulting.gr\/tr\/wp-json\/wp\/v2\/users\/17"}],"replies":[{"embeddable":true,"href":"https:\/\/new.aegeanconsulting.gr\/tr\/wp-json\/wp\/v2\/comments?post=17129"}],"version-history":[{"count":3,"href":"https:\/\/new.aegeanconsulting.gr\/tr\/wp-json\/wp\/v2\/pages\/17129\/revisions"}],"predecessor-version":[{"id":17133,"href":"https:\/\/new.aegeanconsulting.gr\/tr\/wp-json\/wp\/v2\/pages\/17129\/revisions\/17133"}],"wp:attachment":[{"href":"https:\/\/new.aegeanconsulting.gr\/tr\/wp-json\/wp\/v2\/media?parent=17129"}],"curies":[{"name":"wp","href":"https:\/\/api.w.org\/{rel}","templated":true}]}}